{"id":22448,"date":"2019-10-03T11:41:10","date_gmt":"2019-10-03T09:41:10","guid":{"rendered":"https:\/\/www.newstark.promoservicebeta.com\/company\/"},"modified":"2020-10-20T12:05:52","modified_gmt":"2020-10-20T10:05:52","slug":"company","status":"publish","type":"page","link":"https:\/\/www.newstark.promoservicebeta.com\/fr\/company\/","title":{"rendered":"L\u2019ENTREPRISE"},"content":{"rendered":"<div class=\"wpb-content-wrapper\"><p>[vc_row css_animation=\u00a0\u00bb\u00a0\u00bb row_type=\u00a0\u00bbrow\u00a0\u00bb use_row_as_full_screen_section=\u00a0\u00bbno\u00a0\u00bb type=\u00a0\u00bbfull_width\u00a0\u00bb angled_section=\u00a0\u00bbno\u00a0\u00bb text_align=\u00a0\u00bbleft\u00a0\u00bb background_image_as_pattern=\u00a0\u00bbwithout_pattern\u00a0\u00bb][vc_column][qode_elements_holder number_of_columns=\u00a0\u00bbtwo_columns\u00a0\u00bb switch_to_one_column=\u00a0\u00bb1000&Prime;][qode_elements_holder_item advanced_animations=\u00a0\u00bbno\u00a0\u00bb item_padding=\u00a0\u00bb20px 0px 30px 0px\u00a0\u00bb][vc_column_text]<\/p>\n<h3>L&rsquo;ENTERPRISE<\/h3>\n<p>[\/vc_column_text][vc_separator type=\u00a0\u00bbsmall\u00a0\u00bb position=\u00a0\u00bbleft\u00a0\u00bb color=\u00a0\u00bb#2eab68&Prime;][vc_column_text]Newstark est une marque d\u00e9pos\u00e9e d\u2019Essemec S.r.l. Unipersonale, une entreprise avec vingt ans d&rsquo;exp\u00e9rience dans le secteur de l&rsquo;ing\u00e9nierie et qui, le 15\/07\/10, a obtenu la certification ISO 9001: 2008.<\/p>\n<p>&nbsp;<\/p>\n<p>Newstark con\u00e7oit et fabrique\u00a0<strong> des composants sp\u00e9ciaux standardis\u00e9s pour outils de d\u00e9coupe<\/strong>\u00a0 pour le travail de la t\u00f4le \u00e0 froid. Elle collabore avec des entreprises industrielles de premier plan dans les secteurs de l&rsquo;automobile, de l&rsquo;\u00e9lectrom\u00e9nager, du textile, du jardinage, de l&rsquo;\u00e9clairage et de l&rsquo;ameublement.<\/p>\n<p>&nbsp;<\/p>\n<p>L&rsquo;entreprise est situ\u00e9e au nord de la province de Padoue, dans un district industriel sp\u00e9cialis\u00e9 dans le \u00a0<strong>travail des m\u00e9taux<\/strong>. Dans ce domaine, il existe des dizaines d&rsquo;entreprises li\u00e9es \u00e0 de nombreux groupes industriels de premier ordre et des entreprises de production tr\u00e8s importantes pour \u00a0<strong>la recherche technologique<\/strong>\u00a0et\u00a0<strong> et du point de vue des revenus produits<\/strong>.<\/p>\n<p>&nbsp;<\/p>\n<p>Newstark s&rsquo;ins\u00e8re donc dans un contexte d\u2019\u00e9quilibre id\u00e9al dans lequel le savoir-faire, la croissance continue stimul\u00e9e, le transfert des informations, les synergies, ont conduit l&rsquo;entreprise \u00e0 obtenir des r\u00e9sultats d&rsquo;excellence absolue.[\/vc_column_text][\/qode_elements_holder_item][\/qode_elements_holder][\/vc_column][\/vc_row][vc_row css_animation=\u00a0\u00bb\u00a0\u00bb row_type=\u00a0\u00bbrow\u00a0\u00bb use_row_as_full_screen_section=\u00a0\u00bbno\u00a0\u00bb type=\u00a0\u00bbfull_width\u00a0\u00bb angled_section=\u00a0\u00bbno\u00a0\u00bb text_align=\u00a0\u00bbleft\u00a0\u00bb background_image_as_pattern=\u00a0\u00bbwithout_pattern\u00a0\u00bb][vc_column][qode_elements_holder number_of_columns=\u00a0\u00bbtwo_columns\u00a0\u00bb switch_to_one_column=\u00a0\u00bb1000&Prime;][qode_elements_holder_item advanced_animations=\u00a0\u00bbno\u00a0\u00bb item_padding=\u00a0\u00bb20px 0px 30px 0px\u00a0\u00bb][vc_column_text]<\/p>\n<h3><strong>LA RECHERCHE ET LE D\u00c9VELOPPEMENT<\/strong><\/h3>\n<p>[\/vc_column_text][vc_separator type=\u00a0\u00bbsmall\u00a0\u00bb position=\u00a0\u00bbleft\u00a0\u00bb color=\u00a0\u00bb#2eab68&Prime;][vc_column_text]Les techniciens du d\u00e9partement de recherche et d\u00e9veloppement de Newstark travaillent avec \u00a0<strong>les syst\u00e8mes de conception et de simulation les plus modernes<\/strong>, en testant en permanence de nouveaux mat\u00e9riaux et de nouvelles technologies.[\/vc_column_text][\/qode_elements_holder_item][\/qode_elements_holder][\/vc_column][\/vc_row][vc_row css_animation=\u00a0\u00bb\u00a0\u00bb row_type=\u00a0\u00bbrow\u00a0\u00bb use_row_as_full_screen_section=\u00a0\u00bbno\u00a0\u00bb type=\u00a0\u00bbfull_width\u00a0\u00bb angled_section=\u00a0\u00bbno\u00a0\u00bb text_align=\u00a0\u00bbleft\u00a0\u00bb background_image_as_pattern=\u00a0\u00bbwithout_pattern\u00a0\u00bb][vc_column][qode_elements_holder number_of_columns=\u00a0\u00bbtwo_columns\u00a0\u00bb switch_to_one_column=\u00a0\u00bb1000&Prime;][qode_elements_holder_item advanced_animations=\u00a0\u00bbno\u00a0\u00bb item_padding=\u00a0\u00bb20px 0px 30px 0px\u00a0\u00bb][vc_column_text]<\/p>\n<h3><strong>LA PRODUCTION<\/strong><\/h3>\n<p>[\/vc_column_text][vc_separator type=\u00a0\u00bbsmall\u00a0\u00bb position=\u00a0\u00bbleft\u00a0\u00bb color=\u00a0\u00bb#2eab68&Prime;][vc_column_text]Le personnel de la production est form\u00e9 pour accorder la plus grande attention \u00e0 la qualit\u00e9 et au r\u00e9sultat, en \u00e9liminant les gaspillages et les imperfections, avec le soutien de machines hautement technologiques qui optimisent l&rsquo;efficacit\u00e9 de la production.[\/vc_column_text][\/qode_elements_holder_item][\/qode_elements_holder][\/vc_column][\/vc_row][vc_row css_animation=\u00a0\u00bb\u00a0\u00bb row_type=\u00a0\u00bbrow\u00a0\u00bb use_row_as_full_screen_section=\u00a0\u00bbno\u00a0\u00bb type=\u00a0\u00bbfull_width\u00a0\u00bb angled_section=\u00a0\u00bbno\u00a0\u00bb text_align=\u00a0\u00bbleft\u00a0\u00bb background_image_as_pattern=\u00a0\u00bbwithout_pattern\u00a0\u00bb][vc_column][qode_elements_holder number_of_columns=\u00a0\u00bbtwo_columns\u00a0\u00bb switch_to_one_column=\u00a0\u00bb1000&Prime;][qode_elements_holder_item advanced_animations=\u00a0\u00bbno\u00a0\u00bb item_padding=\u00a0\u00bb20px 0px 30px 0px\u00a0\u00bb][vc_column_text]<\/p>\n<h3><strong>LE BUREAU COMMERCIAL<\/strong><\/h3>\n<p>[\/vc_column_text][vc_separator type=\u00a0\u00bbsmall\u00a0\u00bb position=\u00a0\u00bbleft\u00a0\u00bb color=\u00a0\u00bb#2eab68&Prime;][vc_column_text]Le d\u00e9partement des ventes et du marketing de Newstark suit les demandes des clients avec une attention constante, en fournissant les informations techniques et les solutions d&rsquo;application\/commerciales les plus appropri\u00e9es et les plus avantageuses.<\/p>\n<p>[\/vc_column_text][\/qode_elements_holder_item][\/qode_elements_holder][vc_separator type=\u00a0\u00bbtransparent\u00a0\u00bb up=\u00a0\u00bb15&Prime; down=\u00a0\u00bb15&Prime; thickness=\u00a0\u00bb2&Prime;][\/vc_column][\/vc_row][vc_row css_animation=\u00a0\u00bb\u00a0\u00bb row_type=\u00a0\u00bbrow\u00a0\u00bb use_row_as_full_screen_section=\u00a0\u00bbyes\u00a0\u00bb type=\u00a0\u00bbfull_width\u00a0\u00bb angled_section=\u00a0\u00bbno\u00a0\u00bb text_align=\u00a0\u00bbleft\u00a0\u00bb background_image_as_pattern=\u00a0\u00bbwithout_pattern\u00a0\u00bb z_index=\u00a0\u00bb\u00a0\u00bb css=\u00a0\u00bb.vc_custom_1579094266623{padding-top: 20px !important;padding-bottom: 50px !important;}\u00a0\u00bb][vc_column][vc_row_inner row_type=\u00a0\u00bbrow\u00a0\u00bb type=\u00a0\u00bbfull_width\u00a0\u00bb text_align=\u00a0\u00bbleft\u00a0\u00bb css_animation=\u00a0\u00bb\u00a0\u00bb][vc_column_inner width=\u00a0\u00bb1\/6&Prime;][vc_single_image image=\u00a0\u00bb18932&Prime; img_size=\u00a0\u00bbfull\u00a0\u00bb qode_css_animation=\u00a0\u00bb\u00a0\u00bb][\/vc_column_inner][vc_column_inner width=\u00a0\u00bb1\/6&Prime;][\/vc_column_inner][vc_column_inner width=\u00a0\u00bb1\/6&Prime;][\/vc_column_inner][vc_column_inner width=\u00a0\u00bb1\/6&Prime;][\/vc_column_inner][vc_column_inner width=\u00a0\u00bb1\/6&Prime;][\/vc_column_inner][vc_column_inner width=\u00a0\u00bb1\/6&Prime;][\/vc_column_inner][\/vc_row_inner][\/vc_column][\/vc_row]<\/p>\n<\/div>","protected":false},"excerpt":{"rendered":"<p>[vc_row css_animation=\u00a0\u00bb\u00a0\u00bb row_type=\u00a0\u00bbrow\u00a0\u00bb use_row_as_full_screen_section=\u00a0\u00bbno\u00a0\u00bb type=\u00a0\u00bbfull_width\u00a0\u00bb angled_section=\u00a0\u00bbno\u00a0\u00bb text_align=\u00a0\u00bbleft\u00a0\u00bb background_image_as_pattern=\u00a0\u00bbwithout_pattern\u00a0\u00bb][vc_column][qode_elements_holder number_of_columns=\u00a0\u00bbtwo_columns\u00a0\u00bb switch_to_one_column=\u00a0\u00bb1000&Prime;][qode_elements_holder_item advanced_animations=\u00a0\u00bbno\u00a0\u00bb item_padding=\u00a0\u00bb20px 0px 30px 0px\u00a0\u00bb][vc_column_text] L&rsquo;ENTERPRISE [\/vc_column_text][vc_separator type=\u00a0\u00bbsmall\u00a0\u00bb position=\u00a0\u00bbleft\u00a0\u00bb color=\u00a0\u00bb#2eab68&Prime;][vc_column_text]Newstark est une marque d\u00e9pos\u00e9e d\u2019Essemec S.r.l. Unipersonale, une entreprise avec vingt ans d&rsquo;exp\u00e9rience dans le secteur de l&rsquo;ing\u00e9nierie et qui, le 15\/07\/10, a obtenu la&#8230;<\/p>\n","protected":false},"author":2,"featured_media":0,"parent":0,"menu_order":0,"comment_status":"closed","ping_status":"closed","template":"","meta":{"_acf_changed":false,"footnotes":""},"class_list":["post-22448","page","type-page","status-publish","hentry"],"acf":[],"yoast_head":"<!-- This site is optimized with the Yoast SEO plugin v25.3.1 - https:\/\/yoast.com\/wordpress\/plugins\/seo\/ -->\n<title>L\u2019ENTREPRISE - Newstark Componenti per stampi ad alte prestazioni<\/title>\n<meta name=\"description\" content=\"Newstark designs and creates special standardized molds components for the processing of cold-rolled sheet.\" \/>\n<meta name=\"robots\" content=\"noindex, follow, max-snippet:-1, max-image-preview:large, max-video-preview:-1\" \/>\n<meta property=\"og:locale\" content=\"fr_FR\" \/>\n<meta property=\"og:type\" content=\"article\" \/>\n<meta property=\"og:title\" content=\"L\u2019ENTREPRISE - Newstark Componenti per stampi ad alte prestazioni\" \/>\n<meta property=\"og:description\" content=\"Newstark designs and creates special standardized molds components for the processing of cold-rolled sheet.\" \/>\n<meta property=\"og:url\" content=\"https:\/\/www.newstark.promoservicebeta.com\/fr\/company\/\" \/>\n<meta property=\"og:site_name\" content=\"Newstark\" \/>\n<meta property=\"article:modified_time\" content=\"2020-10-20T10:05:52+00:00\" \/>\n<meta name=\"twitter:card\" content=\"summary_large_image\" \/>\n<meta name=\"twitter:label1\" content=\"Dur\u00e9e de lecture estim\u00e9e\" \/>\n\t<meta name=\"twitter:data1\" content=\"4 minutes\" \/>\n<script type=\"application\/ld+json\" class=\"yoast-schema-graph\">{\"@context\":\"https:\/\/schema.org\",\"@graph\":[{\"@type\":\"WebPage\",\"@id\":\"https:\/\/www.newstark.promoservicebeta.com\/fr\/company\/\",\"url\":\"https:\/\/www.newstark.promoservicebeta.com\/fr\/company\/\",\"name\":\"L\u2019ENTREPRISE - Newstark Componenti per stampi ad alte prestazioni\",\"isPartOf\":{\"@id\":\"https:\/\/www.newstark.promoservicebeta.com\/fr\/#website\"},\"datePublished\":\"2019-10-03T09:41:10+00:00\",\"dateModified\":\"2020-10-20T10:05:52+00:00\",\"description\":\"Newstark designs and creates special standardized molds components for the processing of cold-rolled sheet.\",\"breadcrumb\":{\"@id\":\"https:\/\/www.newstark.promoservicebeta.com\/fr\/company\/#breadcrumb\"},\"inLanguage\":\"fr-FR\",\"potentialAction\":[{\"@type\":\"ReadAction\",\"target\":[\"https:\/\/www.newstark.promoservicebeta.com\/fr\/company\/\"]}]},{\"@type\":\"BreadcrumbList\",\"@id\":\"https:\/\/www.newstark.promoservicebeta.com\/fr\/company\/#breadcrumb\",\"itemListElement\":[{\"@type\":\"ListItem\",\"position\":1,\"name\":\"Home\",\"item\":\"https:\/\/www.newstark.promoservicebeta.com\/fr\/\"},{\"@type\":\"ListItem\",\"position\":2,\"name\":\"L\u2019ENTREPRISE\"}]},{\"@type\":\"WebSite\",\"@id\":\"https:\/\/www.newstark.promoservicebeta.com\/fr\/#website\",\"url\":\"https:\/\/www.newstark.promoservicebeta.com\/fr\/\",\"name\":\"Newstark\",\"description\":\"Componenti per stampi ad alte prestazioni\",\"potentialAction\":[{\"@type\":\"SearchAction\",\"target\":{\"@type\":\"EntryPoint\",\"urlTemplate\":\"https:\/\/www.newstark.promoservicebeta.com\/fr\/?s={search_term_string}\"},\"query-input\":{\"@type\":\"PropertyValueSpecification\",\"valueRequired\":true,\"valueName\":\"search_term_string\"}}],\"inLanguage\":\"fr-FR\"}]}<\/script>\n<!-- \/ Yoast SEO plugin. -->","yoast_head_json":{"title":"L\u2019ENTREPRISE - Newstark Componenti per stampi ad alte prestazioni","description":"Newstark designs and creates special standardized molds components for the processing of cold-rolled sheet.","robots":{"index":"noindex","follow":"follow","max-snippet":"max-snippet:-1","max-image-preview":"max-image-preview:large","max-video-preview":"max-video-preview:-1"},"og_locale":"fr_FR","og_type":"article","og_title":"L\u2019ENTREPRISE - Newstark Componenti per stampi ad alte prestazioni","og_description":"Newstark designs and creates special standardized molds components for the processing of cold-rolled sheet.","og_url":"https:\/\/www.newstark.promoservicebeta.com\/fr\/company\/","og_site_name":"Newstark","article_modified_time":"2020-10-20T10:05:52+00:00","twitter_card":"summary_large_image","twitter_misc":{"Dur\u00e9e de lecture estim\u00e9e":"4 minutes"},"schema":{"@context":"https:\/\/schema.org","@graph":[{"@type":"WebPage","@id":"https:\/\/www.newstark.promoservicebeta.com\/fr\/company\/","url":"https:\/\/www.newstark.promoservicebeta.com\/fr\/company\/","name":"L\u2019ENTREPRISE - Newstark Componenti per stampi ad alte prestazioni","isPartOf":{"@id":"https:\/\/www.newstark.promoservicebeta.com\/fr\/#website"},"datePublished":"2019-10-03T09:41:10+00:00","dateModified":"2020-10-20T10:05:52+00:00","description":"Newstark designs and creates special standardized molds components for the processing of cold-rolled sheet.","breadcrumb":{"@id":"https:\/\/www.newstark.promoservicebeta.com\/fr\/company\/#breadcrumb"},"inLanguage":"fr-FR","potentialAction":[{"@type":"ReadAction","target":["https:\/\/www.newstark.promoservicebeta.com\/fr\/company\/"]}]},{"@type":"BreadcrumbList","@id":"https:\/\/www.newstark.promoservicebeta.com\/fr\/company\/#breadcrumb","itemListElement":[{"@type":"ListItem","position":1,"name":"Home","item":"https:\/\/www.newstark.promoservicebeta.com\/fr\/"},{"@type":"ListItem","position":2,"name":"L\u2019ENTREPRISE"}]},{"@type":"WebSite","@id":"https:\/\/www.newstark.promoservicebeta.com\/fr\/#website","url":"https:\/\/www.newstark.promoservicebeta.com\/fr\/","name":"Newstark","description":"Componenti per stampi ad alte prestazioni","potentialAction":[{"@type":"SearchAction","target":{"@type":"EntryPoint","urlTemplate":"https:\/\/www.newstark.promoservicebeta.com\/fr\/?s={search_term_string}"},"query-input":{"@type":"PropertyValueSpecification","valueRequired":true,"valueName":"search_term_string"}}],"inLanguage":"fr-FR"}]}},"_links":{"self":[{"href":"https:\/\/www.newstark.promoservicebeta.com\/fr\/wp-json\/wp\/v2\/pages\/22448","targetHints":{"allow":["GET"]}}],"collection":[{"href":"https:\/\/www.newstark.promoservicebeta.com\/fr\/wp-json\/wp\/v2\/pages"}],"about":[{"href":"https:\/\/www.newstark.promoservicebeta.com\/fr\/wp-json\/wp\/v2\/types\/page"}],"author":[{"embeddable":true,"href":"https:\/\/www.newstark.promoservicebeta.com\/fr\/wp-json\/wp\/v2\/users\/2"}],"replies":[{"embeddable":true,"href":"https:\/\/www.newstark.promoservicebeta.com\/fr\/wp-json\/wp\/v2\/comments?post=22448"}],"version-history":[{"count":0,"href":"https:\/\/www.newstark.promoservicebeta.com\/fr\/wp-json\/wp\/v2\/pages\/22448\/revisions"}],"wp:attachment":[{"href":"https:\/\/www.newstark.promoservicebeta.com\/fr\/wp-json\/wp\/v2\/media?parent=22448"}],"curies":[{"name":"wp","href":"https:\/\/api.w.org\/{rel}","templated":true}]}}