{"id":15581,"date":"2019-10-03T12:11:53","date_gmt":"2019-10-03T10:11:53","guid":{"rendered":"http:\/\/www.newstark.promoservicebeta.com\/?page_id=15581"},"modified":"2020-01-15T15:24:00","modified_gmt":"2020-01-15T14:24:00","slug":"empresa","status":"publish","type":"page","link":"https:\/\/www.newstark.promoservicebeta.com\/es\/empresa\/","title":{"rendered":"Empresa"},"content":{"rendered":"<div class=\"wpb-content-wrapper\"><p>[vc_row css_animation=\u00bb\u00bb row_type=\u00bbrow\u00bb use_row_as_full_screen_section=\u00bbno\u00bb type=\u00bbfull_width\u00bb angled_section=\u00bbno\u00bb text_align=\u00bbleft\u00bb background_image_as_pattern=\u00bbwithout_pattern\u00bb z_index=\u00bb\u00bb][vc_column][qode_elements_holder number_of_columns=\u00bbtwo_columns\u00bb switch_to_one_column=\u00bb1000&#8243;][qode_elements_holder_item advanced_animations=\u00bbno\u00bb item_padding=\u00bb20px 0px 30px 0px\u00bb][vc_column_text]<\/p>\n<h3>Empresa<\/h3>\n<p>[\/vc_column_text][vc_separator type=\u00bbsmall\u00bb position=\u00bbleft\u00bb up=\u00bb6&#8243; down=\u00bb15&#8243; color=\u00bb#2eab68&#8243; thickness=\u00bb2&#8243;][vc_column_text]Newstark es un brand de Essemec S.r.l. Unipersonale, una empresa con veinte a\u00f1os de experiencia en el sector de la ingenier\u00eda y ha obtenido el 15.07.10 la certificaci\u00f3n ISO 9001: 2008.<\/p>\n<p>&nbsp;<\/p>\n<p>Newstark dise\u00f1a y fabrica <strong>componentes normalizados especiales<\/strong> para la fabricaci\u00f3n de chapas laminadas en fr\u00edo. Colabora con las principales empresas industriales dedicadas a los componentes de automoci\u00f3n, textil, jardiner\u00eda, iluminaci\u00f3n y mobiliario.<\/p>\n<p>&nbsp;<\/p>\n<p>La empresa est\u00e1 ubicada geogr\u00e1ficamente al norte de la provincia de Padua, en un distrito industrial especializado en la <strong>metalurgia<\/strong>. En esta \u00e1rea operan decenas de compa\u00f1\u00edas vinculadas a muchos grupos industriales l\u00edderes y muy importante para la <strong>investigaci\u00f3n tecnol\u00f3gica y el ingreso de producci\u00f3n<\/strong>.<\/p>\n<p>&nbsp;<\/p>\n<p>Newstark, entonces, se inserta enuna osm\u00f3tico ideal cuyo alto nivel de conocimiento, el est\u00edmulo al crecimiento continuo, la transferencia de informaci\u00f3n, las sinergias, han llevado a la empresa a obtener resultados sobresalientes.[\/vc_column_text][\/qode_elements_holder_item][\/qode_elements_holder][\/vc_column][\/vc_row][vc_row css_animation=\u00bb\u00bb row_type=\u00bbrow\u00bb use_row_as_full_screen_section=\u00bbno\u00bb type=\u00bbfull_width\u00bb angled_section=\u00bbno\u00bb text_align=\u00bbleft\u00bb background_image_as_pattern=\u00bbwithout_pattern\u00bb z_index=\u00bb\u00bb][vc_column][qode_elements_holder number_of_columns=\u00bbtwo_columns\u00bb switch_to_one_column=\u00bb1000&#8243;][qode_elements_holder_item advanced_animations=\u00bbno\u00bb item_padding=\u00bb20px 0px 30px 0px\u00bb][vc_column_text]<\/p>\n<h3>I+D<\/h3>\n<p>[\/vc_column_text][vc_separator type=\u00bbsmall\u00bb position=\u00bbleft\u00bb up=\u00bb6&#8243; down=\u00bb15&#8243; color=\u00bb#2eab68&#8243; thickness=\u00bb2&#8243;][vc_column_text]La Oficina T\u00e9cnica de Investigaci\u00f3n y Desarrollo de Newstark trabaja con <strong>sistemas avanzados de simulaci\u00f3n<\/strong>, probando continuamente nuevos materiales y nuevas tecnolog\u00edas.[\/vc_column_text][\/qode_elements_holder_item][\/qode_elements_holder][\/vc_column][\/vc_row][vc_row css_animation=\u00bb\u00bb row_type=\u00bbrow\u00bb use_row_as_full_screen_section=\u00bbno\u00bb type=\u00bbfull_width\u00bb angled_section=\u00bbno\u00bb text_align=\u00bbleft\u00bb background_image_as_pattern=\u00bbwithout_pattern\u00bb][vc_column][qode_elements_holder number_of_columns=\u00bbtwo_columns\u00bb switch_to_one_column=\u00bb1000&#8243;][qode_elements_holder_item advanced_animations=\u00bbno\u00bb item_padding=\u00bb20px 0px 30px 0px\u00bb][vc_column_text]<\/p>\n<h3>Producci\u00f3n<\/h3>\n<p>[\/vc_column_text][vc_separator type=\u00bbsmall\u00bb position=\u00bbleft\u00bb up=\u00bb6&#8243; down=\u00bb15&#8243; color=\u00bb#2eab68&#8243; thickness=\u00bb2&#8243;][vc_column_text]Lo personal est\u00e1 capacitado para la m\u00e1xima atenci\u00f3n a la calidad y los resultados, la eliminaci\u00f3n de residuos y defectos, con la apoyo de m\u00e1quinas de alta tecnolog\u00eda que maximicen la eficiencia de producci\u00f3n.[\/vc_column_text][\/qode_elements_holder_item][\/qode_elements_holder][\/vc_column][\/vc_row][vc_row css_animation=\u00bb\u00bb row_type=\u00bbrow\u00bb use_row_as_full_screen_section=\u00bbno\u00bb type=\u00bbfull_width\u00bb angled_section=\u00bbno\u00bb text_align=\u00bbleft\u00bb background_image_as_pattern=\u00bbwithout_pattern\u00bb z_index=\u00bb\u00bb][vc_column][qode_elements_holder number_of_columns=\u00bbtwo_columns\u00bb switch_to_one_column=\u00bb1000&#8243;][qode_elements_holder_item advanced_animations=\u00bbno\u00bb item_padding=\u00bb20px 0px 30px 0px\u00bb][vc_column_text]<\/p>\n<h3>Oficina de ventas<\/h3>\n<p>[\/vc_column_text][vc_separator type=\u00bbsmall\u00bb position=\u00bbleft\u00bb up=\u00bb6&#8243; down=\u00bb15&#8243; color=\u00bb#2eab68&#8243; thickness=\u00bb2&#8243;][vc_column_text]La divisi\u00f3n comercial y de Marketing, sigue con la constante atenci\u00f3n al cliente, proporcionando la informaci\u00f3n t\u00e9cnica m\u00e1s adecuada y conveniente y soluciones de negocio \/ aplicaci\u00f3n.<\/p>\n<p>[\/vc_column_text][\/qode_elements_holder_item][\/qode_elements_holder][vc_separator type=\u00bbtransparent\u00bb up=\u00bb15&#8243; down=\u00bb15&#8243; thickness=\u00bb2&#8243;][\/vc_column][\/vc_row][vc_row css_animation=\u00bb\u00bb row_type=\u00bbrow\u00bb use_row_as_full_screen_section=\u00bbyes\u00bb type=\u00bbfull_width\u00bb angled_section=\u00bbno\u00bb text_align=\u00bbleft\u00bb background_image_as_pattern=\u00bbwithout_pattern\u00bb z_index=\u00bb\u00bb css=\u00bb.vc_custom_1579094266623{padding-top: 20px !important;padding-bottom: 50px !important;}\u00bb][vc_column][vc_row_inner row_type=\u00bbrow\u00bb type=\u00bbfull_width\u00bb text_align=\u00bbleft\u00bb css_animation=\u00bb\u00bb][vc_column_inner width=\u00bb1\/6&#8243;][vc_single_image image=\u00bb18935&#8243; img_size=\u00bbfull\u00bb qode_css_animation=\u00bb\u00bb][\/vc_column_inner][vc_column_inner width=\u00bb1\/6&#8243;][\/vc_column_inner][vc_column_inner width=\u00bb1\/6&#8243;][\/vc_column_inner][vc_column_inner width=\u00bb1\/6&#8243;][\/vc_column_inner][vc_column_inner width=\u00bb1\/6&#8243;][\/vc_column_inner][vc_column_inner width=\u00bb1\/6&#8243;][\/vc_column_inner][\/vc_row_inner][\/vc_column][\/vc_row]<\/p>\n<\/div>","protected":false},"excerpt":{"rendered":"<p>[vc_row css_animation=\u00bb\u00bb row_type=\u00bbrow\u00bb use_row_as_full_screen_section=\u00bbno\u00bb type=\u00bbfull_width\u00bb angled_section=\u00bbno\u00bb text_align=\u00bbleft\u00bb background_image_as_pattern=\u00bbwithout_pattern\u00bb z_index=\u00bb\u00bb][vc_column][qode_elements_holder number_of_columns=\u00bbtwo_columns\u00bb switch_to_one_column=\u00bb1000&#8243;][qode_elements_holder_item advanced_animations=\u00bbno\u00bb item_padding=\u00bb20px 0px 30px 0px\u00bb][vc_column_text] Empresa [\/vc_column_text][vc_separator type=\u00bbsmall\u00bb position=\u00bbleft\u00bb up=\u00bb6&#8243; down=\u00bb15&#8243; color=\u00bb#2eab68&#8243; thickness=\u00bb2&#8243;][vc_column_text]Newstark es un brand de Essemec S.r.l. Unipersonale, una empresa con veinte a\u00f1os de experiencia en el sector de la ingenier\u00eda y&#8230;<\/p>\n","protected":false},"author":2,"featured_media":0,"parent":0,"menu_order":0,"comment_status":"closed","ping_status":"closed","template":"","meta":{"_acf_changed":false,"footnotes":""},"class_list":["post-15581","page","type-page","status-publish","hentry"],"acf":[],"yoast_head":"<!-- This site is optimized with the Yoast SEO plugin v25.3.1 - https:\/\/yoast.com\/wordpress\/plugins\/seo\/ -->\n<title>Empresa - Newstark Componentes de alto rendimiento para moldes<\/title>\n<meta name=\"description\" content=\"Newstark dise\u00f1a y fabrica componentes normalizados especiales para la fabricaci\u00f3n de chapas laminadas en fr\u00edo.\" \/>\n<meta name=\"robots\" content=\"noindex, follow, max-snippet:-1, max-image-preview:large, max-video-preview:-1\" \/>\n<meta property=\"og:locale\" content=\"es_ES\" \/>\n<meta property=\"og:type\" content=\"article\" \/>\n<meta property=\"og:title\" content=\"Empresa - Newstark Componentes de alto rendimiento para moldes\" \/>\n<meta property=\"og:description\" content=\"Newstark dise\u00f1a y fabrica componentes normalizados especiales para la fabricaci\u00f3n de chapas laminadas en fr\u00edo.\" \/>\n<meta property=\"og:url\" content=\"https:\/\/www.newstark.promoservicebeta.com\/es\/empresa\/\" \/>\n<meta property=\"og:site_name\" content=\"Newstark\" \/>\n<meta property=\"article:modified_time\" content=\"2020-01-15T14:24:00+00:00\" \/>\n<meta name=\"twitter:card\" content=\"summary_large_image\" \/>\n<meta name=\"twitter:label1\" content=\"Tiempo de lectura\" \/>\n\t<meta name=\"twitter:data1\" content=\"4 minutos\" \/>\n<script type=\"application\/ld+json\" class=\"yoast-schema-graph\">{\"@context\":\"https:\/\/schema.org\",\"@graph\":[{\"@type\":\"WebPage\",\"@id\":\"https:\/\/www.newstark.promoservicebeta.com\/es\/empresa\/\",\"url\":\"https:\/\/www.newstark.promoservicebeta.com\/es\/empresa\/\",\"name\":\"Empresa - Newstark Componentes de alto rendimiento para moldes\",\"isPartOf\":{\"@id\":\"https:\/\/www.newstark.promoservicebeta.com\/es\/#website\"},\"datePublished\":\"2019-10-03T10:11:53+00:00\",\"dateModified\":\"2020-01-15T14:24:00+00:00\",\"description\":\"Newstark dise\u00f1a y fabrica componentes normalizados especiales para la fabricaci\u00f3n de chapas laminadas en fr\u00edo.\",\"breadcrumb\":{\"@id\":\"https:\/\/www.newstark.promoservicebeta.com\/es\/empresa\/#breadcrumb\"},\"inLanguage\":\"es\",\"potentialAction\":[{\"@type\":\"ReadAction\",\"target\":[\"https:\/\/www.newstark.promoservicebeta.com\/es\/empresa\/\"]}]},{\"@type\":\"BreadcrumbList\",\"@id\":\"https:\/\/www.newstark.promoservicebeta.com\/es\/empresa\/#breadcrumb\",\"itemListElement\":[{\"@type\":\"ListItem\",\"position\":1,\"name\":\"Home\",\"item\":\"https:\/\/www.newstark.promoservicebeta.com\/es\/\"},{\"@type\":\"ListItem\",\"position\":2,\"name\":\"Empresa\"}]},{\"@type\":\"WebSite\",\"@id\":\"https:\/\/www.newstark.promoservicebeta.com\/es\/#website\",\"url\":\"https:\/\/www.newstark.promoservicebeta.com\/es\/\",\"name\":\"Newstark\",\"description\":\"Componentes de alto rendimiento para moldes\",\"potentialAction\":[{\"@type\":\"SearchAction\",\"target\":{\"@type\":\"EntryPoint\",\"urlTemplate\":\"https:\/\/www.newstark.promoservicebeta.com\/es\/?s={search_term_string}\"},\"query-input\":{\"@type\":\"PropertyValueSpecification\",\"valueRequired\":true,\"valueName\":\"search_term_string\"}}],\"inLanguage\":\"es\"}]}<\/script>\n<!-- \/ Yoast SEO plugin. -->","yoast_head_json":{"title":"Empresa - Newstark Componentes de alto rendimiento para moldes","description":"Newstark dise\u00f1a y fabrica componentes normalizados especiales para la fabricaci\u00f3n de chapas laminadas en fr\u00edo.","robots":{"index":"noindex","follow":"follow","max-snippet":"max-snippet:-1","max-image-preview":"max-image-preview:large","max-video-preview":"max-video-preview:-1"},"og_locale":"es_ES","og_type":"article","og_title":"Empresa - Newstark Componentes de alto rendimiento para moldes","og_description":"Newstark dise\u00f1a y fabrica componentes normalizados especiales para la fabricaci\u00f3n de chapas laminadas en fr\u00edo.","og_url":"https:\/\/www.newstark.promoservicebeta.com\/es\/empresa\/","og_site_name":"Newstark","article_modified_time":"2020-01-15T14:24:00+00:00","twitter_card":"summary_large_image","twitter_misc":{"Tiempo de lectura":"4 minutos"},"schema":{"@context":"https:\/\/schema.org","@graph":[{"@type":"WebPage","@id":"https:\/\/www.newstark.promoservicebeta.com\/es\/empresa\/","url":"https:\/\/www.newstark.promoservicebeta.com\/es\/empresa\/","name":"Empresa - Newstark Componentes de alto rendimiento para moldes","isPartOf":{"@id":"https:\/\/www.newstark.promoservicebeta.com\/es\/#website"},"datePublished":"2019-10-03T10:11:53+00:00","dateModified":"2020-01-15T14:24:00+00:00","description":"Newstark dise\u00f1a y fabrica componentes normalizados especiales para la fabricaci\u00f3n de chapas laminadas en fr\u00edo.","breadcrumb":{"@id":"https:\/\/www.newstark.promoservicebeta.com\/es\/empresa\/#breadcrumb"},"inLanguage":"es","potentialAction":[{"@type":"ReadAction","target":["https:\/\/www.newstark.promoservicebeta.com\/es\/empresa\/"]}]},{"@type":"BreadcrumbList","@id":"https:\/\/www.newstark.promoservicebeta.com\/es\/empresa\/#breadcrumb","itemListElement":[{"@type":"ListItem","position":1,"name":"Home","item":"https:\/\/www.newstark.promoservicebeta.com\/es\/"},{"@type":"ListItem","position":2,"name":"Empresa"}]},{"@type":"WebSite","@id":"https:\/\/www.newstark.promoservicebeta.com\/es\/#website","url":"https:\/\/www.newstark.promoservicebeta.com\/es\/","name":"Newstark","description":"Componentes de alto rendimiento para moldes","potentialAction":[{"@type":"SearchAction","target":{"@type":"EntryPoint","urlTemplate":"https:\/\/www.newstark.promoservicebeta.com\/es\/?s={search_term_string}"},"query-input":{"@type":"PropertyValueSpecification","valueRequired":true,"valueName":"search_term_string"}}],"inLanguage":"es"}]}},"_links":{"self":[{"href":"https:\/\/www.newstark.promoservicebeta.com\/es\/wp-json\/wp\/v2\/pages\/15581","targetHints":{"allow":["GET"]}}],"collection":[{"href":"https:\/\/www.newstark.promoservicebeta.com\/es\/wp-json\/wp\/v2\/pages"}],"about":[{"href":"https:\/\/www.newstark.promoservicebeta.com\/es\/wp-json\/wp\/v2\/types\/page"}],"author":[{"embeddable":true,"href":"https:\/\/www.newstark.promoservicebeta.com\/es\/wp-json\/wp\/v2\/users\/2"}],"replies":[{"embeddable":true,"href":"https:\/\/www.newstark.promoservicebeta.com\/es\/wp-json\/wp\/v2\/comments?post=15581"}],"version-history":[{"count":0,"href":"https:\/\/www.newstark.promoservicebeta.com\/es\/wp-json\/wp\/v2\/pages\/15581\/revisions"}],"wp:attachment":[{"href":"https:\/\/www.newstark.promoservicebeta.com\/es\/wp-json\/wp\/v2\/media?parent=15581"}],"curies":[{"name":"wp","href":"https:\/\/api.w.org\/{rel}","templated":true}]}}