{"id":15579,"date":"2019-10-03T12:04:11","date_gmt":"2019-10-03T10:04:11","guid":{"rendered":"http:\/\/www.newstark.promoservicebeta.com\/?page_id=15579"},"modified":"2020-01-15T15:01:26","modified_gmt":"2020-01-15T14:01:26","slug":"firma","status":"publish","type":"page","link":"https:\/\/www.newstark.promoservicebeta.com\/de\/firma\/","title":{"rendered":"Firma"},"content":{"rendered":"<div class=\"wpb-content-wrapper\"><p>[vc_row css_animation=&#8220;&#8220; row_type=&#8220;row&#8220; use_row_as_full_screen_section=&#8220;no&#8220; type=&#8220;full_width&#8220; angled_section=&#8220;no&#8220; text_align=&#8220;left&#8220; background_image_as_pattern=&#8220;without_pattern&#8220; z_index=&#8220;&#8220;][vc_column][qode_elements_holder number_of_columns=&#8220;two_columns&#8220; switch_to_one_column=&#8220;1000&#8243;][qode_elements_holder_item advanced_animations=&#8220;no&#8220; item_padding=&#8220;20px 0px 30px 0px&#8220;][vc_column_text]<\/p>\n<h3>Firma<\/h3>\n<p>[\/vc_column_text][vc_separator type=&#8220;small&#8220; position=&#8220;left&#8220; up=&#8220;6&#8243; down=&#8220;15&#8243; color=&#8220;#2eab68&#8243; thickness=&#8220;2&#8243;][vc_column_text]Newstark ist ein eingetragenes Warenzeichen der Firma Essemec S.r.l. Unipersonale. Die Firma Essemec S.r.l. Unipersonale verf\u00fcgt \u00fcber eine 20j\u00e4hrige Erfahrung in der Metallverarbeitung und dass sie ISO 9001: 2008 Zertifizierung am 15.07.10 bekommen hat.<\/p>\n<p>&nbsp;<\/p>\n<p>Newstark entwirft und baut <strong>Sonderkomponenten<\/strong> f\u00fcr den Bereich der Kaltumformung. Newstark Komponenten finden in den Bereichen der Auto-, Haushaltsger\u00e4te-, Textil-, Beleuchtungs- und Einrichtungsproduktion ihre Anwendung.<\/p>\n<p>&nbsp;<\/p>\n<p>Die Firma liegt in einer f\u00fcr <strong>Metallverarbeitung<\/strong> bekannten Region im Norden Italiens in der Provinz Padua.<\/p>\n<p>&nbsp;<\/p>\n<p>In diesem Umfeld sorgen Know-How und Informationsaustausch mit Partnern f\u00fcr eine <strong>st\u00e4ndige Weiterentwicklung<\/strong> und damit f\u00fcr fortschrittliche Produkte.[\/vc_column_text][\/qode_elements_holder_item][\/qode_elements_holder][\/vc_column][\/vc_row][vc_row css_animation=&#8220;&#8220; row_type=&#8220;row&#8220; use_row_as_full_screen_section=&#8220;no&#8220; type=&#8220;full_width&#8220; angled_section=&#8220;no&#8220; text_align=&#8220;left&#8220; background_image_as_pattern=&#8220;without_pattern&#8220; z_index=&#8220;&#8220;][vc_column][qode_elements_holder number_of_columns=&#8220;two_columns&#8220; switch_to_one_column=&#8220;1000&#8243;][qode_elements_holder_item advanced_animations=&#8220;no&#8220; item_padding=&#8220;20px 0px 30px 0px&#8220;][vc_column_text]<\/p>\n<h3>F&amp;E<\/h3>\n<p>[\/vc_column_text][vc_separator type=&#8220;small&#8220; position=&#8220;left&#8220; up=&#8220;6&#8243; down=&#8220;15&#8243; color=&#8220;#2eab68&#8243; thickness=&#8220;2&#8243;][vc_column_text]<\/p>\n<p style=\"text-align: left;\">Die Verwendung von neuen <strong>Materialien<\/strong> und <strong>Technologien<\/strong>, gepaart mit einer, auf h\u00f6chste Qualit\u00e4t ausgelegten Produktion sorgen f\u00fcr hohe Effiziens.<\/p>\n<p style=\"text-align: left;\">In der Zusammenarbeit von Newstark mit seinen Kunden werden technische Ausk\u00fcnfte \u00fcber die Produkte gegeben.<\/p>\n<p>[\/vc_column_text][\/qode_elements_holder_item][\/qode_elements_holder][\/vc_column][\/vc_row][vc_row css_animation=&#8220;&#8220; row_type=&#8220;row&#8220; use_row_as_full_screen_section=&#8220;no&#8220; type=&#8220;full_width&#8220; angled_section=&#8220;no&#8220; text_align=&#8220;left&#8220; background_image_as_pattern=&#8220;without_pattern&#8220;][vc_column][qode_elements_holder number_of_columns=&#8220;two_columns&#8220; switch_to_one_column=&#8220;1000&#8243;][qode_elements_holder_item advanced_animations=&#8220;no&#8220; item_padding=&#8220;20px 0px 30px 0px&#8220;][vc_column_text]<\/p>\n<h3>Produktion<\/h3>\n<p>[\/vc_column_text][vc_separator type=&#8220;small&#8220; position=&#8220;left&#8220; up=&#8220;6&#8243; down=&#8220;15&#8243; color=&#8220;#2eab68&#8243; thickness=&#8220;2&#8243;][vc_column_text]Die Verwendung von neuen Materialien und Technologien, gepaart mit einer, auf h\u00f6chste\u00a0<strong>Qualit\u00e4t<\/strong>\u00a0ausgelegten Produktion sorgen f\u00fcr hohe Effiziens.[\/vc_column_text][\/qode_elements_holder_item][\/qode_elements_holder][\/vc_column][\/vc_row][vc_row css_animation=&#8220;&#8220; row_type=&#8220;row&#8220; use_row_as_full_screen_section=&#8220;no&#8220; type=&#8220;full_width&#8220; angled_section=&#8220;no&#8220; text_align=&#8220;left&#8220; background_image_as_pattern=&#8220;without_pattern&#8220; z_index=&#8220;&#8220;][vc_column][qode_elements_holder number_of_columns=&#8220;two_columns&#8220; switch_to_one_column=&#8220;1000&#8243;][qode_elements_holder_item advanced_animations=&#8220;no&#8220; item_padding=&#8220;20px 0px 30px 0px&#8220;][vc_column_text]<\/p>\n<h3>Handel- und Marketing<\/h3>\n<p>[\/vc_column_text][vc_separator type=&#8220;small&#8220; position=&#8220;left&#8220; up=&#8220;6&#8243; down=&#8220;15&#8243; color=&#8220;#2eab68&#8243; thickness=&#8220;2&#8243;][vc_column_text]Es werden L\u00f6sungen ausgearbeitet, die sowohl aus Anwendungs-, wie auch aus wirtschaftlicher Sicht die optimale Wahl darstellen.<\/p>\n<p>[\/vc_column_text][\/qode_elements_holder_item][\/qode_elements_holder][vc_separator type=&#8220;transparent&#8220; up=&#8220;15&#8243; down=&#8220;15&#8243; thickness=&#8220;2&#8243;][\/vc_column][\/vc_row][vc_row css_animation=&#8220;&#8220; row_type=&#8220;row&#8220; use_row_as_full_screen_section=&#8220;yes&#8220; type=&#8220;full_width&#8220; angled_section=&#8220;no&#8220; text_align=&#8220;left&#8220; background_image_as_pattern=&#8220;without_pattern&#8220; z_index=&#8220;&#8220; css=&#8220;.vc_custom_1579094266623{padding-top: 20px !important;padding-bottom: 50px !important;}&#8220;][vc_column][vc_row_inner row_type=&#8220;row&#8220; type=&#8220;full_width&#8220; text_align=&#8220;left&#8220; css_animation=&#8220;&#8220;][vc_column_inner width=&#8220;1\/6&#8243;][vc_single_image image=&#8220;18933&#8243; img_size=&#8220;full&#8220; qode_css_animation=&#8220;&#8220;][\/vc_column_inner][vc_column_inner width=&#8220;1\/6&#8243;][\/vc_column_inner][vc_column_inner width=&#8220;1\/6&#8243;][\/vc_column_inner][vc_column_inner width=&#8220;1\/6&#8243;][\/vc_column_inner][vc_column_inner width=&#8220;1\/6&#8243;][\/vc_column_inner][vc_column_inner width=&#8220;1\/6&#8243;][\/vc_column_inner][\/vc_row_inner][\/vc_column][\/vc_row]<\/p>\n<\/div>","protected":false},"excerpt":{"rendered":"<p>[vc_row css_animation=&#8220;&#8220; row_type=&#8220;row&#8220; use_row_as_full_screen_section=&#8220;no&#8220; type=&#8220;full_width&#8220; angled_section=&#8220;no&#8220; text_align=&#8220;left&#8220; background_image_as_pattern=&#8220;without_pattern&#8220; z_index=&#8220;&#8220;][vc_column][qode_elements_holder number_of_columns=&#8220;two_columns&#8220; switch_to_one_column=&#8220;1000&#8243;][qode_elements_holder_item advanced_animations=&#8220;no&#8220; item_padding=&#8220;20px 0px 30px 0px&#8220;][vc_column_text] Firma [\/vc_column_text][vc_separator type=&#8220;small&#8220; position=&#8220;left&#8220; up=&#8220;6&#8243; down=&#8220;15&#8243; color=&#8220;#2eab68&#8243; thickness=&#8220;2&#8243;][vc_column_text]Newstark ist ein eingetragenes Warenzeichen der Firma Essemec S.r.l. Unipersonale. Die Firma Essemec S.r.l. Unipersonale verf\u00fcgt \u00fcber eine 20j\u00e4hrige Erfahrung in der&#8230;<\/p>\n","protected":false},"author":2,"featured_media":0,"parent":0,"menu_order":0,"comment_status":"closed","ping_status":"closed","template":"","meta":{"_acf_changed":false,"footnotes":""},"class_list":["post-15579","page","type-page","status-publish","hentry"],"acf":[],"yoast_head":"<!-- This site is optimized with the Yoast SEO plugin v25.3.1 - https:\/\/yoast.com\/wordpress\/plugins\/seo\/ -->\n<title>Firma - Newstark Hochleistungskomponenten in Werkzeugen<\/title>\n<meta name=\"description\" content=\"Newstark entwirft und baut Sonderkomponenten f\u00fcr den Bereich der Kaltumformung.\" \/>\n<meta name=\"robots\" content=\"noindex, follow, max-snippet:-1, max-image-preview:large, max-video-preview:-1\" \/>\n<meta property=\"og:locale\" content=\"de_DE\" \/>\n<meta property=\"og:type\" content=\"article\" \/>\n<meta property=\"og:title\" content=\"Firma - Newstark Hochleistungskomponenten in Werkzeugen\" \/>\n<meta property=\"og:description\" content=\"Newstark entwirft und baut Sonderkomponenten f\u00fcr den Bereich der Kaltumformung.\" \/>\n<meta property=\"og:url\" content=\"https:\/\/www.newstark.promoservicebeta.com\/de\/firma\/\" \/>\n<meta property=\"og:site_name\" content=\"Newstark\" \/>\n<meta property=\"article:modified_time\" content=\"2020-01-15T14:01:26+00:00\" \/>\n<meta name=\"twitter:card\" content=\"summary_large_image\" \/>\n<meta name=\"twitter:label1\" content=\"Gesch\u00e4tzte Lesezeit\" \/>\n\t<meta name=\"twitter:data1\" content=\"3\u00a0Minuten\" \/>\n<script type=\"application\/ld+json\" class=\"yoast-schema-graph\">{\"@context\":\"https:\/\/schema.org\",\"@graph\":[{\"@type\":\"WebPage\",\"@id\":\"https:\/\/www.newstark.promoservicebeta.com\/de\/firma\/\",\"url\":\"https:\/\/www.newstark.promoservicebeta.com\/de\/firma\/\",\"name\":\"Firma - Newstark Hochleistungskomponenten in Werkzeugen\",\"isPartOf\":{\"@id\":\"https:\/\/www.newstark.promoservicebeta.com\/de\/#website\"},\"datePublished\":\"2019-10-03T10:04:11+00:00\",\"dateModified\":\"2020-01-15T14:01:26+00:00\",\"description\":\"Newstark entwirft und baut Sonderkomponenten f\u00fcr den Bereich der Kaltumformung.\",\"breadcrumb\":{\"@id\":\"https:\/\/www.newstark.promoservicebeta.com\/de\/firma\/#breadcrumb\"},\"inLanguage\":\"de\",\"potentialAction\":[{\"@type\":\"ReadAction\",\"target\":[\"https:\/\/www.newstark.promoservicebeta.com\/de\/firma\/\"]}]},{\"@type\":\"BreadcrumbList\",\"@id\":\"https:\/\/www.newstark.promoservicebeta.com\/de\/firma\/#breadcrumb\",\"itemListElement\":[{\"@type\":\"ListItem\",\"position\":1,\"name\":\"Home\",\"item\":\"https:\/\/www.newstark.promoservicebeta.com\/de\/\"},{\"@type\":\"ListItem\",\"position\":2,\"name\":\"Firma\"}]},{\"@type\":\"WebSite\",\"@id\":\"https:\/\/www.newstark.promoservicebeta.com\/de\/#website\",\"url\":\"https:\/\/www.newstark.promoservicebeta.com\/de\/\",\"name\":\"Newstark\",\"description\":\"Hochleistungskomponenten in Werkzeugen\",\"potentialAction\":[{\"@type\":\"SearchAction\",\"target\":{\"@type\":\"EntryPoint\",\"urlTemplate\":\"https:\/\/www.newstark.promoservicebeta.com\/de\/?s={search_term_string}\"},\"query-input\":{\"@type\":\"PropertyValueSpecification\",\"valueRequired\":true,\"valueName\":\"search_term_string\"}}],\"inLanguage\":\"de\"}]}<\/script>\n<!-- \/ Yoast SEO plugin. -->","yoast_head_json":{"title":"Firma - Newstark Hochleistungskomponenten in Werkzeugen","description":"Newstark entwirft und baut Sonderkomponenten f\u00fcr den Bereich der Kaltumformung.","robots":{"index":"noindex","follow":"follow","max-snippet":"max-snippet:-1","max-image-preview":"max-image-preview:large","max-video-preview":"max-video-preview:-1"},"og_locale":"de_DE","og_type":"article","og_title":"Firma - Newstark Hochleistungskomponenten in Werkzeugen","og_description":"Newstark entwirft und baut Sonderkomponenten f\u00fcr den Bereich der Kaltumformung.","og_url":"https:\/\/www.newstark.promoservicebeta.com\/de\/firma\/","og_site_name":"Newstark","article_modified_time":"2020-01-15T14:01:26+00:00","twitter_card":"summary_large_image","twitter_misc":{"Gesch\u00e4tzte Lesezeit":"3\u00a0Minuten"},"schema":{"@context":"https:\/\/schema.org","@graph":[{"@type":"WebPage","@id":"https:\/\/www.newstark.promoservicebeta.com\/de\/firma\/","url":"https:\/\/www.newstark.promoservicebeta.com\/de\/firma\/","name":"Firma - Newstark Hochleistungskomponenten in Werkzeugen","isPartOf":{"@id":"https:\/\/www.newstark.promoservicebeta.com\/de\/#website"},"datePublished":"2019-10-03T10:04:11+00:00","dateModified":"2020-01-15T14:01:26+00:00","description":"Newstark entwirft und baut Sonderkomponenten f\u00fcr den Bereich der Kaltumformung.","breadcrumb":{"@id":"https:\/\/www.newstark.promoservicebeta.com\/de\/firma\/#breadcrumb"},"inLanguage":"de","potentialAction":[{"@type":"ReadAction","target":["https:\/\/www.newstark.promoservicebeta.com\/de\/firma\/"]}]},{"@type":"BreadcrumbList","@id":"https:\/\/www.newstark.promoservicebeta.com\/de\/firma\/#breadcrumb","itemListElement":[{"@type":"ListItem","position":1,"name":"Home","item":"https:\/\/www.newstark.promoservicebeta.com\/de\/"},{"@type":"ListItem","position":2,"name":"Firma"}]},{"@type":"WebSite","@id":"https:\/\/www.newstark.promoservicebeta.com\/de\/#website","url":"https:\/\/www.newstark.promoservicebeta.com\/de\/","name":"Newstark","description":"Hochleistungskomponenten in Werkzeugen","potentialAction":[{"@type":"SearchAction","target":{"@type":"EntryPoint","urlTemplate":"https:\/\/www.newstark.promoservicebeta.com\/de\/?s={search_term_string}"},"query-input":{"@type":"PropertyValueSpecification","valueRequired":true,"valueName":"search_term_string"}}],"inLanguage":"de"}]}},"_links":{"self":[{"href":"https:\/\/www.newstark.promoservicebeta.com\/de\/wp-json\/wp\/v2\/pages\/15579","targetHints":{"allow":["GET"]}}],"collection":[{"href":"https:\/\/www.newstark.promoservicebeta.com\/de\/wp-json\/wp\/v2\/pages"}],"about":[{"href":"https:\/\/www.newstark.promoservicebeta.com\/de\/wp-json\/wp\/v2\/types\/page"}],"author":[{"embeddable":true,"href":"https:\/\/www.newstark.promoservicebeta.com\/de\/wp-json\/wp\/v2\/users\/2"}],"replies":[{"embeddable":true,"href":"https:\/\/www.newstark.promoservicebeta.com\/de\/wp-json\/wp\/v2\/comments?post=15579"}],"version-history":[{"count":0,"href":"https:\/\/www.newstark.promoservicebeta.com\/de\/wp-json\/wp\/v2\/pages\/15579\/revisions"}],"wp:attachment":[{"href":"https:\/\/www.newstark.promoservicebeta.com\/de\/wp-json\/wp\/v2\/media?parent=15579"}],"curies":[{"name":"wp","href":"https:\/\/api.w.org\/{rel}","templated":true}]}}