{"id":25032,"date":"2025-01-08T10:41:39","date_gmt":"2025-01-08T09:41:39","guid":{"rendered":"https:\/\/www.newstark.promoservicebeta.com\/case-history\/"},"modified":"2025-11-21T09:26:39","modified_gmt":"2025-11-21T08:26:39","slug":"case-history","status":"publish","type":"page","link":"https:\/\/www.newstark.promoservicebeta.com\/cs\/case-history\/","title":{"rendered":"Case History"},"content":{"rendered":"<div class=\"wpb-content-wrapper\"><p>[vc_row css_animation=&#8220;&#8220; row_type=&#8220;row&#8220; use_row_as_full_screen_section=&#8220;no&#8220; type=&#8220;full_width&#8220; angled_section=&#8220;no&#8220; text_align=&#8220;left&#8220; background_image_as_pattern=&#8220;without_pattern&#8220;][vc_column][qode_elements_holder number_of_columns=&#8220;one_column&#8220;][qode_elements_holder_item vertical_alignment=&#8220;middle&#8220; horizontal_alignment=&#8220;center&#8220; advanced_animations=&#8220;no&#8220; item_padding=&#8220;20px 20px 30px 20px&#8220;]<div class=\"q_image_with_text_over\"><div class=\"shader\" ><\/div><img decoding=\"async\" itemprop=\"image\" src=\"https:\/\/www.newstark.promoservicebeta.com\/wp-content\/uploads\/2023\/10\/PRESTAM-AMRELINE-02.jpg\" alt=\"Progetto 1\" \/><div class=\"text\"><table><tr><td><h3 class=\"caption no_icon\" style=\"\">Progetto 1<\/h3><\/td><\/tr><\/table><table><tr><td><div class=\"desc\">Breve riassunto del progetto<\/div><\/td><\/tr><\/table><\/div><\/div><a  itemprop=\"url\" href=\"\/prova-case-history\" target=\"_self\"  class=\"qbutton  center default\" style=\"\">Scopri il progetto<\/a>[\/qode_elements_holder_item][qode_elements_holder_item vertical_alignment=&#8220;middle&#8220; horizontal_alignment=&#8220;center&#8220; advanced_animations=&#8220;no&#8220; item_padding=&#8220;20px 20px 30px 20px&#8220;][\/qode_elements_holder_item][qode_elements_holder_item vertical_alignment=&#8220;middle&#8220; horizontal_alignment=&#8220;center&#8220; advanced_animations=&#8220;no&#8220; item_padding=&#8220;20px 20px 30px 20px&#8220;][\/qode_elements_holder_item][\/qode_elements_holder][\/vc_column][\/vc_row][vc_row css_animation=&#8220;&#8220; row_type=&#8220;row&#8220; use_row_as_full_screen_section=&#8220;no&#8220; type=&#8220;full_width&#8220; angled_section=&#8220;no&#8220; text_align=&#8220;left&#8220; background_image_as_pattern=&#8220;without_pattern&#8220;][vc_column][vc_empty_space][\/vc_column][\/vc_row]<\/p>\n<\/div>","protected":false},"excerpt":{"rendered":"<p>[vc_row css_animation=&#8220;&#8220; row_type=&#8220;row&#8220; use_row_as_full_screen_section=&#8220;no&#8220; type=&#8220;full_width&#8220; angled_section=&#8220;no&#8220; text_align=&#8220;left&#8220; background_image_as_pattern=&#8220;without_pattern&#8220;][vc_column][qode_elements_holder number_of_columns=&#8220;one_column&#8220;][qode_elements_holder_item vertical_alignment=&#8220;middle&#8220; horizontal_alignment=&#8220;center&#8220; advanced_animations=&#8220;no&#8220; item_padding=&#8220;20px 20px 30px 20px&#8220;][\/qode_elements_holder_item][qode_elements_holder_item vertical_alignment=&#8220;middle&#8220; horizontal_alignment=&#8220;center&#8220; advanced_animations=&#8220;no&#8220; item_padding=&#8220;20px 20px 30px 20px&#8220;][\/qode_elements_holder_item][qode_elements_holder_item vertical_alignment=&#8220;middle&#8220; horizontal_alignment=&#8220;center&#8220; advanced_animations=&#8220;no&#8220; item_padding=&#8220;20px 20px 30px 20px&#8220;][\/qode_elements_holder_item][\/qode_elements_holder][\/vc_column][\/vc_row][vc_row css_animation=&#8220;&#8220; row_type=&#8220;row&#8220; use_row_as_full_screen_section=&#8220;no&#8220; type=&#8220;full_width&#8220; angled_section=&#8220;no&#8220; text_align=&#8220;left&#8220; background_image_as_pattern=&#8220;without_pattern&#8220;][vc_column][vc_empty_space][\/vc_column][\/vc_row]<\/p>\n","protected":false},"author":11,"featured_media":0,"parent":0,"menu_order":0,"comment_status":"closed","ping_status":"closed","template":"","meta":{"_acf_changed":false,"footnotes":""},"class_list":["post-25032","page","type-page","status-publish","hentry"],"acf":[],"yoast_head":"<!-- This site is optimized with the Yoast SEO plugin v25.3.1 - https:\/\/yoast.com\/wordpress\/plugins\/seo\/ -->\n<title>Case History - Newstark Vysoce v\u00fdkonn\u00fdch komponent\u016f pro tv\u00e1\u0159ec\u00ed n\u00e1stroje<\/title>\n<meta name=\"description\" content=\"Newstark progetta e costruisce componenti normalizzati speciali per stampi per la lavorazione delle lamiere a freddo.\" \/>\n<meta name=\"robots\" content=\"noindex, follow, max-snippet:-1, max-image-preview:large, max-video-preview:-1\" \/>\n<meta property=\"og:locale\" content=\"cs_CZ\" \/>\n<meta property=\"og:type\" content=\"article\" \/>\n<meta property=\"og:title\" content=\"Case History - Newstark Vysoce v\u00fdkonn\u00fdch komponent\u016f pro tv\u00e1\u0159ec\u00ed n\u00e1stroje\" \/>\n<meta property=\"og:description\" content=\"Newstark progetta e costruisce componenti normalizzati speciali per stampi per la lavorazione delle lamiere a freddo.\" \/>\n<meta property=\"og:url\" content=\"https:\/\/www.newstark.promoservicebeta.com\/cs\/case-history\/\" \/>\n<meta property=\"og:site_name\" content=\"Newstark\" \/>\n<meta property=\"article:modified_time\" content=\"2025-11-21T08:26:39+00:00\" \/>\n<meta name=\"twitter:card\" content=\"summary_large_image\" \/>\n<meta name=\"twitter:label1\" content=\"Odhadovan\u00e1 doba \u010dten\u00ed\" \/>\n\t<meta name=\"twitter:data1\" content=\"1 minuta\" \/>\n<script type=\"application\/ld+json\" class=\"yoast-schema-graph\">{\"@context\":\"https:\/\/schema.org\",\"@graph\":[{\"@type\":\"WebPage\",\"@id\":\"https:\/\/www.newstark.promoservicebeta.com\/cs\/case-history\/\",\"url\":\"https:\/\/www.newstark.promoservicebeta.com\/cs\/case-history\/\",\"name\":\"Case History - Newstark Vysoce v\u00fdkonn\u00fdch komponent\u016f pro tv\u00e1\u0159ec\u00ed n\u00e1stroje\",\"isPartOf\":{\"@id\":\"https:\/\/www.newstark.promoservicebeta.com\/cs\/#website\"},\"datePublished\":\"2025-01-08T09:41:39+00:00\",\"dateModified\":\"2025-11-21T08:26:39+00:00\",\"description\":\"Newstark progetta e costruisce componenti normalizzati speciali per stampi per la lavorazione delle lamiere a freddo.\",\"breadcrumb\":{\"@id\":\"https:\/\/www.newstark.promoservicebeta.com\/cs\/case-history\/#breadcrumb\"},\"inLanguage\":\"cs\",\"potentialAction\":[{\"@type\":\"ReadAction\",\"target\":[\"https:\/\/www.newstark.promoservicebeta.com\/cs\/case-history\/\"]}]},{\"@type\":\"BreadcrumbList\",\"@id\":\"https:\/\/www.newstark.promoservicebeta.com\/cs\/case-history\/#breadcrumb\",\"itemListElement\":[{\"@type\":\"ListItem\",\"position\":1,\"name\":\"Home\",\"item\":\"https:\/\/www.newstark.promoservicebeta.com\/cs\/\"},{\"@type\":\"ListItem\",\"position\":2,\"name\":\"Case History\"}]},{\"@type\":\"WebSite\",\"@id\":\"https:\/\/www.newstark.promoservicebeta.com\/cs\/#website\",\"url\":\"https:\/\/www.newstark.promoservicebeta.com\/cs\/\",\"name\":\"Newstark\",\"description\":\"Vysoce v\u00fdkonn\u00fdch komponent\u016f pro tv\u00e1\u0159ec\u00ed n\u00e1stroje\",\"potentialAction\":[{\"@type\":\"SearchAction\",\"target\":{\"@type\":\"EntryPoint\",\"urlTemplate\":\"https:\/\/www.newstark.promoservicebeta.com\/cs\/?s={search_term_string}\"},\"query-input\":{\"@type\":\"PropertyValueSpecification\",\"valueRequired\":true,\"valueName\":\"search_term_string\"}}],\"inLanguage\":\"cs\"}]}<\/script>\n<!-- \/ Yoast SEO plugin. -->","yoast_head_json":{"title":"Case History - Newstark Vysoce v\u00fdkonn\u00fdch komponent\u016f pro tv\u00e1\u0159ec\u00ed n\u00e1stroje","description":"Newstark progetta e costruisce componenti normalizzati speciali per stampi per la lavorazione delle lamiere a freddo.","robots":{"index":"noindex","follow":"follow","max-snippet":"max-snippet:-1","max-image-preview":"max-image-preview:large","max-video-preview":"max-video-preview:-1"},"og_locale":"cs_CZ","og_type":"article","og_title":"Case History - Newstark Vysoce v\u00fdkonn\u00fdch komponent\u016f pro tv\u00e1\u0159ec\u00ed n\u00e1stroje","og_description":"Newstark progetta e costruisce componenti normalizzati speciali per stampi per la lavorazione delle lamiere a freddo.","og_url":"https:\/\/www.newstark.promoservicebeta.com\/cs\/case-history\/","og_site_name":"Newstark","article_modified_time":"2025-11-21T08:26:39+00:00","twitter_card":"summary_large_image","twitter_misc":{"Odhadovan\u00e1 doba \u010dten\u00ed":"1 minuta"},"schema":{"@context":"https:\/\/schema.org","@graph":[{"@type":"WebPage","@id":"https:\/\/www.newstark.promoservicebeta.com\/cs\/case-history\/","url":"https:\/\/www.newstark.promoservicebeta.com\/cs\/case-history\/","name":"Case History - Newstark Vysoce v\u00fdkonn\u00fdch komponent\u016f pro tv\u00e1\u0159ec\u00ed n\u00e1stroje","isPartOf":{"@id":"https:\/\/www.newstark.promoservicebeta.com\/cs\/#website"},"datePublished":"2025-01-08T09:41:39+00:00","dateModified":"2025-11-21T08:26:39+00:00","description":"Newstark progetta e costruisce componenti normalizzati speciali per stampi per la lavorazione delle lamiere a freddo.","breadcrumb":{"@id":"https:\/\/www.newstark.promoservicebeta.com\/cs\/case-history\/#breadcrumb"},"inLanguage":"cs","potentialAction":[{"@type":"ReadAction","target":["https:\/\/www.newstark.promoservicebeta.com\/cs\/case-history\/"]}]},{"@type":"BreadcrumbList","@id":"https:\/\/www.newstark.promoservicebeta.com\/cs\/case-history\/#breadcrumb","itemListElement":[{"@type":"ListItem","position":1,"name":"Home","item":"https:\/\/www.newstark.promoservicebeta.com\/cs\/"},{"@type":"ListItem","position":2,"name":"Case History"}]},{"@type":"WebSite","@id":"https:\/\/www.newstark.promoservicebeta.com\/cs\/#website","url":"https:\/\/www.newstark.promoservicebeta.com\/cs\/","name":"Newstark","description":"Vysoce v\u00fdkonn\u00fdch komponent\u016f pro tv\u00e1\u0159ec\u00ed n\u00e1stroje","potentialAction":[{"@type":"SearchAction","target":{"@type":"EntryPoint","urlTemplate":"https:\/\/www.newstark.promoservicebeta.com\/cs\/?s={search_term_string}"},"query-input":{"@type":"PropertyValueSpecification","valueRequired":true,"valueName":"search_term_string"}}],"inLanguage":"cs"}]}},"_links":{"self":[{"href":"https:\/\/www.newstark.promoservicebeta.com\/cs\/wp-json\/wp\/v2\/pages\/25032","targetHints":{"allow":["GET"]}}],"collection":[{"href":"https:\/\/www.newstark.promoservicebeta.com\/cs\/wp-json\/wp\/v2\/pages"}],"about":[{"href":"https:\/\/www.newstark.promoservicebeta.com\/cs\/wp-json\/wp\/v2\/types\/page"}],"author":[{"embeddable":true,"href":"https:\/\/www.newstark.promoservicebeta.com\/cs\/wp-json\/wp\/v2\/users\/11"}],"replies":[{"embeddable":true,"href":"https:\/\/www.newstark.promoservicebeta.com\/cs\/wp-json\/wp\/v2\/comments?post=25032"}],"version-history":[{"count":0,"href":"https:\/\/www.newstark.promoservicebeta.com\/cs\/wp-json\/wp\/v2\/pages\/25032\/revisions"}],"wp:attachment":[{"href":"https:\/\/www.newstark.promoservicebeta.com\/cs\/wp-json\/wp\/v2\/media?parent=25032"}],"curies":[{"name":"wp","href":"https:\/\/api.w.org\/{rel}","templated":true}]}}