{"id":18491,"date":"2020-01-07T16:03:38","date_gmt":"2020-01-07T15:03:38","guid":{"rendered":"https:\/\/www.newstark.promoservicebeta.com\/?page_id=18491"},"modified":"2026-03-02T16:09:18","modified_gmt":"2026-03-02T15:09:18","slug":"download","status":"publish","type":"page","link":"https:\/\/www.newstark.promoservicebeta.com\/cs\/download\/","title":{"rendered":"Download"},"content":{"rendered":"<div class=\"wpb-content-wrapper\"><p>[vc_row css_animation=&#8220;&#8220; row_type=&#8220;row&#8220; use_row_as_full_screen_section=&#8220;no&#8220; type=&#8220;full_width&#8220; angled_section=&#8220;no&#8220; text_align=&#8220;left&#8220; background_image_as_pattern=&#8220;without_pattern&#8220; z_index=&#8220;&#8220;][vc_column][vc_row_inner row_type=&#8220;row&#8220; type=&#8220;full_width&#8220; text_align=&#8220;left&#8220; css_animation=&#8220;&#8220;][vc_column_inner][vc_column_text]<\/p>\n<h3>Catalogue and products<\/h3>\n<p>[\/vc_column_text][vc_empty_space height=&#8220;20px&#8220;][\/vc_column_inner][\/vc_row_inner][\/vc_column][\/vc_row][vc_row css_animation=&#8220;&#8220; row_type=&#8220;row&#8220; use_row_as_full_screen_section=&#8220;no&#8220; type=&#8220;full_width&#8220; angled_section=&#8220;no&#8220; text_align=&#8220;left&#8220; background_image_as_pattern=&#8220;without_pattern&#8220; z_index=&#8220;&#8220;][vc_column width=&#8220;1\/3&#8243;][vc_single_image image=&#8220;23504&#8243; img_size=&#8220;full&#8220; onclick=&#8220;custom_link&#8220; css=&#8220;&#8220; qode_css_animation=&#8220;&#8220; link=&#8220;https:\/\/www.newstark.promoservicebeta.com\/wp-content\/uploads\/2026\/03\/NEWSTARK-2026-CZ.pdf&#8220;][vc_empty_space height=&#8220;20px&#8220;][vc_column_text]Discover our complete catalogue.[\/vc_column_text][vc_empty_space height=&#8220;10px&#8220;][vc_column_text css=&#8220;&#8220;]<\/p>\n<h3><strong><a style=\"color: #3dae2b;\" href=\"https:\/\/www.newstark.promoservicebeta.com\/wp-content\/uploads\/2026\/03\/NEWSTARK-2026-CZ.pdf\" target=\"_blank\" rel=\"noopener noreferrer\">Download the complete catalogue<\/a><\/strong><\/h3>\n<p>[\/vc_column_text][\/vc_column][vc_column width=&#8220;1\/3&#8243;][vc_single_image image=&#8220;18877&#8243; img_size=&#8220;full&#8220; onclick=&#8220;custom_link&#8220; qode_css_animation=&#8220;&#8220; link=&#8220;\/cs\/produkty\/&#8220;][vc_empty_space height=&#8220;20px&#8220;][vc_column_text]Download the individual files from the<strong> product section<\/strong>.[\/vc_column_text][vc_empty_space height=&#8220;10px&#8220;][vc_column_text]<\/p>\n<h3><strong><a style=\"color: #3dae2b;\" href=\"\/cs\/produkty\/\">Products<\/a><\/strong><\/h3>\n<p>[\/vc_column_text][\/vc_column][vc_column width=&#8220;1\/3&#8243;][vc_single_image image=&#8220;23047&#8243; img_size=&#8220;350&#215;233&#8243; onclick=&#8220;custom_link&#8220; css=&#8220;&#8220; qode_css_animation=&#8220;&#8220; link=&#8220;https:\/\/www.newstark.promoservicebeta.com\/wp-content\/uploads\/2026\/03\/CAM_Newstark_2026-CZ.pdf&#8220;][vc_empty_space height=&#8220;20px&#8220;][vc_column_text]Discover our catalogue <strong>NEW CAM<\/strong>[\/vc_column_text][vc_empty_space height=&#8220;10px&#8220;][vc_column_text css=&#8220;&#8220;]<\/p>\n<h3><a style=\"color: #3dae2b;\" href=\"https:\/\/www.newstark.promoservicebeta.com\/wp-content\/uploads\/2026\/03\/CAM_Newstark_2026-CZ.pdf\">Download the catalogue NEW CAM<\/a><\/h3>\n<p>[\/vc_column_text][\/vc_column][\/vc_row][vc_row css_animation=&#8220;&#8220; row_type=&#8220;row&#8220; use_row_as_full_screen_section=&#8220;no&#8220; type=&#8220;full_width&#8220; angled_section=&#8220;no&#8220; text_align=&#8220;left&#8220; background_image_as_pattern=&#8220;without_pattern&#8220; z_index=&#8220;&#8220;][vc_column][vc_row_inner row_type=&#8220;row&#8220; type=&#8220;full_width&#8220; text_align=&#8220;left&#8220; css_animation=&#8220;&#8220;][vc_column_inner][vc_empty_space height=&#8220;20px&#8220;][\/vc_column_inner][\/vc_row_inner][\/vc_column][\/vc_row][vc_row css_animation=&#8220;&#8220; row_type=&#8220;row&#8220; use_row_as_full_screen_section=&#8220;no&#8220; type=&#8220;full_width&#8220; angled_section=&#8220;no&#8220; text_align=&#8220;left&#8220; background_image_as_pattern=&#8220;without_pattern&#8220; z_index=&#8220;&#8220;][vc_column][vc_row_inner row_type=&#8220;row&#8220; type=&#8220;full_width&#8220; text_align=&#8220;left&#8220; css_animation=&#8220;&#8220;][vc_column_inner][vc_separator type=&#8220;normal&#8220;][vc_empty_space height=&#8220;30px&#8220;][vc_column_text]<\/p>\n<h3>CERTIFICATIONS<\/h3>\n<p>[\/vc_column_text][vc_empty_space height=&#8220;20px&#8220;][\/vc_column_inner][\/vc_row_inner][\/vc_column][\/vc_row][vc_row css_animation=&#8220;&#8220; row_type=&#8220;row&#8220; use_row_as_full_screen_section=&#8220;no&#8220; type=&#8220;full_width&#8220; angled_section=&#8220;no&#8220; text_align=&#8220;left&#8220; background_image_as_pattern=&#8220;without_pattern&#8220; z_index=&#8220;&#8220;][vc_column][vc_row_inner row_type=&#8220;row&#8220; type=&#8220;full_width&#8220; text_align=&#8220;left&#8220; css_animation=&#8220;&#8220;][vc_column_inner][vc_column_text css=&#8220;&#8220;]<a href=\"https:\/\/www.newstark.promoservicebeta.com\/wp-content\/uploads\/2025\/10\/ISO-9001_2015_Inglese.pdf\" target=\"_blank\" rel=\"noopener noreferrer\"><i class=\"far fa-file-download\"><\/i> Download ISO 9001:2015<\/a><br \/>\n<a href=\"https:\/\/www.newstark.promoservicebeta.com\/wp-content\/uploads\/2020\/01\/POLITICA-QUALITA.pdf\" target=\"_blank\" rel=\"noopener noreferrer\"><i class=\"far fa-file-download\"><\/i> Download Quality Policy<\/a>[\/vc_column_text][\/vc_column_inner][\/vc_row_inner][\/vc_column][\/vc_row][vc_row css_animation=&#8220;&#8220; row_type=&#8220;row&#8220; use_row_as_full_screen_section=&#8220;no&#8220; type=&#8220;full_width&#8220; angled_section=&#8220;no&#8220; text_align=&#8220;left&#8220; background_image_as_pattern=&#8220;without_pattern&#8220;][vc_column][vc_empty_space height=&#8220;60px&#8220;][\/vc_column][\/vc_row]<\/p>\n<\/div>","protected":false},"excerpt":{"rendered":"<p>[vc_row css_animation=&#8220;&#8220; row_type=&#8220;row&#8220; use_row_as_full_screen_section=&#8220;no&#8220; type=&#8220;full_width&#8220; angled_section=&#8220;no&#8220; text_align=&#8220;left&#8220; background_image_as_pattern=&#8220;without_pattern&#8220; z_index=&#8220;&#8220;][vc_column][vc_row_inner row_type=&#8220;row&#8220; type=&#8220;full_width&#8220; text_align=&#8220;left&#8220; css_animation=&#8220;&#8220;][vc_column_inner][vc_column_text] Catalogue and products [\/vc_column_text][vc_empty_space height=&#8220;20px&#8220;][\/vc_column_inner][\/vc_row_inner][\/vc_column][\/vc_row][vc_row css_animation=&#8220;&#8220; row_type=&#8220;row&#8220; use_row_as_full_screen_section=&#8220;no&#8220; type=&#8220;full_width&#8220; angled_section=&#8220;no&#8220; text_align=&#8220;left&#8220; background_image_as_pattern=&#8220;without_pattern&#8220; z_index=&#8220;&#8220;][vc_column width=&#8220;1\/3&#8243;][vc_single_image image=&#8220;23504&#8243; img_size=&#8220;full&#8220; onclick=&#8220;custom_link&#8220; css=&#8220;&#8220; qode_css_animation=&#8220;&#8220; link=&#8220;https:\/\/www.newstark.promoservicebeta.com\/wp-content\/uploads\/2026\/03\/NEWSTARK-2026-CZ.pdf&#8220;][vc_empty_space height=&#8220;20px&#8220;][vc_column_text]Discover our complete catalogue.[\/vc_column_text][vc_empty_space height=&#8220;10px&#8220;][vc_column_text css=&#8220;&#8220;] Download the complete catalogue [\/vc_column_text][\/vc_column][vc_column width=&#8220;1\/3&#8243;][vc_single_image&#8230;<\/p>\n","protected":false},"author":2,"featured_media":0,"parent":0,"menu_order":0,"comment_status":"closed","ping_status":"closed","template":"","meta":{"_acf_changed":false,"footnotes":""},"class_list":["post-18491","page","type-page","status-publish","hentry"],"acf":[],"yoast_head":"<!-- This site is optimized with the Yoast SEO plugin v25.3.1 - https:\/\/yoast.com\/wordpress\/plugins\/seo\/ -->\n<title>Download - Newstark Vysoce v\u00fdkonn\u00fdch komponent\u016f pro tv\u00e1\u0159ec\u00ed n\u00e1stroje<\/title>\n<meta name=\"description\" content=\"Download the complete catalogue\" \/>\n<meta name=\"robots\" content=\"noindex, follow, max-snippet:-1, max-image-preview:large, max-video-preview:-1\" \/>\n<meta property=\"og:locale\" content=\"cs_CZ\" \/>\n<meta property=\"og:type\" content=\"article\" \/>\n<meta property=\"og:title\" content=\"Download - Newstark Vysoce v\u00fdkonn\u00fdch komponent\u016f pro tv\u00e1\u0159ec\u00ed n\u00e1stroje\" \/>\n<meta property=\"og:description\" content=\"Download the complete catalogue\" \/>\n<meta property=\"og:url\" content=\"https:\/\/www.newstark.promoservicebeta.com\/cs\/download\/\" \/>\n<meta property=\"og:site_name\" content=\"Newstark\" \/>\n<meta property=\"article:modified_time\" content=\"2026-03-02T15:09:18+00:00\" \/>\n<meta name=\"twitter:card\" content=\"summary_large_image\" \/>\n<meta name=\"twitter:label1\" content=\"Odhadovan\u00e1 doba \u010dten\u00ed\" \/>\n\t<meta name=\"twitter:data1\" content=\"2 minuty\" \/>\n<script type=\"application\/ld+json\" class=\"yoast-schema-graph\">{\"@context\":\"https:\/\/schema.org\",\"@graph\":[{\"@type\":\"WebPage\",\"@id\":\"https:\/\/www.newstark.promoservicebeta.com\/cs\/download\/\",\"url\":\"https:\/\/www.newstark.promoservicebeta.com\/cs\/download\/\",\"name\":\"Download - Newstark Vysoce v\u00fdkonn\u00fdch komponent\u016f pro tv\u00e1\u0159ec\u00ed n\u00e1stroje\",\"isPartOf\":{\"@id\":\"https:\/\/www.newstark.promoservicebeta.com\/cs\/#website\"},\"datePublished\":\"2020-01-07T15:03:38+00:00\",\"dateModified\":\"2026-03-02T15:09:18+00:00\",\"description\":\"Download the complete catalogue\",\"breadcrumb\":{\"@id\":\"https:\/\/www.newstark.promoservicebeta.com\/cs\/download\/#breadcrumb\"},\"inLanguage\":\"cs\",\"potentialAction\":[{\"@type\":\"ReadAction\",\"target\":[\"https:\/\/www.newstark.promoservicebeta.com\/cs\/download\/\"]}]},{\"@type\":\"BreadcrumbList\",\"@id\":\"https:\/\/www.newstark.promoservicebeta.com\/cs\/download\/#breadcrumb\",\"itemListElement\":[{\"@type\":\"ListItem\",\"position\":1,\"name\":\"Home\",\"item\":\"https:\/\/www.newstark.promoservicebeta.com\/cs\/\"},{\"@type\":\"ListItem\",\"position\":2,\"name\":\"Download\"}]},{\"@type\":\"WebSite\",\"@id\":\"https:\/\/www.newstark.promoservicebeta.com\/cs\/#website\",\"url\":\"https:\/\/www.newstark.promoservicebeta.com\/cs\/\",\"name\":\"Newstark\",\"description\":\"Vysoce v\u00fdkonn\u00fdch komponent\u016f pro tv\u00e1\u0159ec\u00ed n\u00e1stroje\",\"potentialAction\":[{\"@type\":\"SearchAction\",\"target\":{\"@type\":\"EntryPoint\",\"urlTemplate\":\"https:\/\/www.newstark.promoservicebeta.com\/cs\/?s={search_term_string}\"},\"query-input\":{\"@type\":\"PropertyValueSpecification\",\"valueRequired\":true,\"valueName\":\"search_term_string\"}}],\"inLanguage\":\"cs\"}]}<\/script>\n<!-- \/ Yoast SEO plugin. -->","yoast_head_json":{"title":"Download - Newstark Vysoce v\u00fdkonn\u00fdch komponent\u016f pro tv\u00e1\u0159ec\u00ed n\u00e1stroje","description":"Download the complete catalogue","robots":{"index":"noindex","follow":"follow","max-snippet":"max-snippet:-1","max-image-preview":"max-image-preview:large","max-video-preview":"max-video-preview:-1"},"og_locale":"cs_CZ","og_type":"article","og_title":"Download - Newstark Vysoce v\u00fdkonn\u00fdch komponent\u016f pro tv\u00e1\u0159ec\u00ed n\u00e1stroje","og_description":"Download the complete catalogue","og_url":"https:\/\/www.newstark.promoservicebeta.com\/cs\/download\/","og_site_name":"Newstark","article_modified_time":"2026-03-02T15:09:18+00:00","twitter_card":"summary_large_image","twitter_misc":{"Odhadovan\u00e1 doba \u010dten\u00ed":"2 minuty"},"schema":{"@context":"https:\/\/schema.org","@graph":[{"@type":"WebPage","@id":"https:\/\/www.newstark.promoservicebeta.com\/cs\/download\/","url":"https:\/\/www.newstark.promoservicebeta.com\/cs\/download\/","name":"Download - Newstark Vysoce v\u00fdkonn\u00fdch komponent\u016f pro tv\u00e1\u0159ec\u00ed n\u00e1stroje","isPartOf":{"@id":"https:\/\/www.newstark.promoservicebeta.com\/cs\/#website"},"datePublished":"2020-01-07T15:03:38+00:00","dateModified":"2026-03-02T15:09:18+00:00","description":"Download the complete catalogue","breadcrumb":{"@id":"https:\/\/www.newstark.promoservicebeta.com\/cs\/download\/#breadcrumb"},"inLanguage":"cs","potentialAction":[{"@type":"ReadAction","target":["https:\/\/www.newstark.promoservicebeta.com\/cs\/download\/"]}]},{"@type":"BreadcrumbList","@id":"https:\/\/www.newstark.promoservicebeta.com\/cs\/download\/#breadcrumb","itemListElement":[{"@type":"ListItem","position":1,"name":"Home","item":"https:\/\/www.newstark.promoservicebeta.com\/cs\/"},{"@type":"ListItem","position":2,"name":"Download"}]},{"@type":"WebSite","@id":"https:\/\/www.newstark.promoservicebeta.com\/cs\/#website","url":"https:\/\/www.newstark.promoservicebeta.com\/cs\/","name":"Newstark","description":"Vysoce v\u00fdkonn\u00fdch komponent\u016f pro tv\u00e1\u0159ec\u00ed n\u00e1stroje","potentialAction":[{"@type":"SearchAction","target":{"@type":"EntryPoint","urlTemplate":"https:\/\/www.newstark.promoservicebeta.com\/cs\/?s={search_term_string}"},"query-input":{"@type":"PropertyValueSpecification","valueRequired":true,"valueName":"search_term_string"}}],"inLanguage":"cs"}]}},"_links":{"self":[{"href":"https:\/\/www.newstark.promoservicebeta.com\/cs\/wp-json\/wp\/v2\/pages\/18491","targetHints":{"allow":["GET"]}}],"collection":[{"href":"https:\/\/www.newstark.promoservicebeta.com\/cs\/wp-json\/wp\/v2\/pages"}],"about":[{"href":"https:\/\/www.newstark.promoservicebeta.com\/cs\/wp-json\/wp\/v2\/types\/page"}],"author":[{"embeddable":true,"href":"https:\/\/www.newstark.promoservicebeta.com\/cs\/wp-json\/wp\/v2\/users\/2"}],"replies":[{"embeddable":true,"href":"https:\/\/www.newstark.promoservicebeta.com\/cs\/wp-json\/wp\/v2\/comments?post=18491"}],"version-history":[{"count":2,"href":"https:\/\/www.newstark.promoservicebeta.com\/cs\/wp-json\/wp\/v2\/pages\/18491\/revisions"}],"predecessor-version":[{"id":25581,"href":"https:\/\/www.newstark.promoservicebeta.com\/cs\/wp-json\/wp\/v2\/pages\/18491\/revisions\/25581"}],"wp:attachment":[{"href":"https:\/\/www.newstark.promoservicebeta.com\/cs\/wp-json\/wp\/v2\/media?parent=18491"}],"curies":[{"name":"wp","href":"https:\/\/api.w.org\/{rel}","templated":true}]}}