{"id":15628,"date":"2019-10-03T15:20:13","date_gmt":"2019-10-03T13:20:13","guid":{"rendered":"http:\/\/www.newstark.promoservicebeta.com\/?page_id=15628"},"modified":"2019-10-25T15:46:48","modified_gmt":"2019-10-25T13:46:48","slug":"firemni-udaje","status":"publish","type":"page","link":"https:\/\/www.newstark.promoservicebeta.com\/cs\/firemni-udaje\/","title":{"rendered":"Firemn\u00ed \u00fadaje"},"content":{"rendered":"<div class=\"wpb-content-wrapper\"><p>[vc_row css_animation=&#8220;&#8220; row_type=&#8220;row&#8220; use_row_as_full_screen_section=&#8220;no&#8220; type=&#8220;full_width&#8220; angled_section=&#8220;no&#8220; text_align=&#8220;left&#8220; background_image_as_pattern=&#8220;without_pattern&#8220;][vc_column][qode_elements_holder number_of_columns=&#8220;two_columns&#8220;][qode_elements_holder_item advanced_animations=&#8220;no&#8220; item_padding=&#8220;20px 0px 30px 0px&#8220;][vc_column_text]<\/p>\n<div class=\"wpb_text_column wpb_content_element \">\n<div class=\"wpb_wrapper\">\n<h3><b>Essemec Srl Unipersonale<\/b><\/h3>\n<\/div>\n<\/div>\n<p>[\/vc_column_text][vc_separator type=&#8220;small&#8220; position=&#8220;left&#8220; color=&#8220;#2eab68&#8243;][vc_column_text]Via Ghebo 24-26 B,\u00a035017 Piombino Dese (PD) \u2013 Italy<br \/>\nPhone:\u00a0<a href=\"tel:+390495743140\">+39 049 5743140<\/a>\u00a0int.8<br \/>\nFax: +39 049 9368154<br \/>\nEmail:\u00a0<a href=\"mailto:info@newstark.it\">info@newstark.it<\/a><br \/>\nWeb:\u00a0<a href=\"https:\/\/www.newstark.promoservicebeta.com\/\">\u00a0https:\/\/www.newstark.promoservicebeta.com<\/a><\/p>\n<p><b>PIVA<\/b>\u00a003949140283<br \/>\n<b>CAP SOC<\/b>\u00a0\u20ac 20.000 i.v.<br \/>\n<b>R.E.A.<\/b>\u00a0PD-350337[\/vc_column_text][\/qode_elements_holder_item][qode_elements_holder_item advanced_animations=&#8220;no&#8220; item_padding=&#8220;20px 0px 30px 0px&#8220;][vc_column_text]<\/p>\n<div class=\"wpb_text_column wpb_content_element \">\n<div class=\"wpb_wrapper\">\n<h3><b>Newstark<\/b><\/h3>\n<\/div>\n<\/div>\n<p>[\/vc_column_text][vc_separator type=&#8220;small&#8220; position=&#8220;left&#8220; color=&#8220;#2eab68&#8243;][vc_column_text]Via Ghebo 24 35017 Piombino Dese Padova Italy<br \/>\nPhone:\u00a0<a href=\"tel:+390495743140\">+39 049 5743140<\/a><br \/>\nFax: +39 049 9368154<br \/>\nEmail:\u00a0<a href=\"mailto:info@newstark.it\">info@newstark.it<\/a>[\/vc_column_text][\/qode_elements_holder_item][\/qode_elements_holder][\/vc_column][\/vc_row]<\/p>\n<\/div>","protected":false},"excerpt":{"rendered":"<p>[vc_row css_animation=&#8220;&#8220; row_type=&#8220;row&#8220; use_row_as_full_screen_section=&#8220;no&#8220; type=&#8220;full_width&#8220; angled_section=&#8220;no&#8220; text_align=&#8220;left&#8220; background_image_as_pattern=&#8220;without_pattern&#8220;][vc_column][qode_elements_holder number_of_columns=&#8220;two_columns&#8220;][qode_elements_holder_item advanced_animations=&#8220;no&#8220; item_padding=&#8220;20px 0px 30px 0px&#8220;][vc_column_text] Essemec Srl Unipersonale [\/vc_column_text][vc_separator type=&#8220;small&#8220; position=&#8220;left&#8220; color=&#8220;#2eab68&#8243;][vc_column_text]Via Ghebo 24-26 B,\u00a035017 Piombino Dese (PD) \u2013 Italy Phone:\u00a0+39 049 5743140\u00a0int.8 Fax: +39 049 9368154 Email:\u00a0info@newstark.it Web:\u00a0\u00a0https:\/\/www.newstark.promoservicebeta.com PIVA\u00a003949140283 CAP SOC\u00a0\u20ac 20.000 i.v. R.E.A.\u00a0PD-350337[\/vc_column_text][\/qode_elements_holder_item][qode_elements_holder_item advanced_animations=&#8220;no&#8220;&#8230;<\/p>\n","protected":false},"author":2,"featured_media":0,"parent":0,"menu_order":0,"comment_status":"closed","ping_status":"closed","template":"","meta":{"_acf_changed":false,"footnotes":""},"class_list":["post-15628","page","type-page","status-publish","hentry"],"acf":[],"yoast_head":"<!-- This site is optimized with the Yoast SEO plugin v25.3.1 - https:\/\/yoast.com\/wordpress\/plugins\/seo\/ -->\n<title>Firemn\u00ed \u00fadaje - Newstark Vysoce v\u00fdkonn\u00fdch komponent\u016f pro tv\u00e1\u0159ec\u00ed n\u00e1stroje<\/title>\n<meta name=\"description\" content=\"Firemn\u00ed \u00fadaje Essemec Srl\" \/>\n<meta name=\"robots\" content=\"noindex, follow, max-snippet:-1, max-image-preview:large, max-video-preview:-1\" \/>\n<meta property=\"og:locale\" content=\"cs_CZ\" \/>\n<meta property=\"og:type\" content=\"article\" \/>\n<meta property=\"og:title\" content=\"Firemn\u00ed \u00fadaje - Newstark Vysoce v\u00fdkonn\u00fdch komponent\u016f pro tv\u00e1\u0159ec\u00ed n\u00e1stroje\" \/>\n<meta property=\"og:description\" content=\"Firemn\u00ed \u00fadaje Essemec Srl\" \/>\n<meta property=\"og:url\" content=\"https:\/\/www.newstark.promoservicebeta.com\/cs\/firemni-udaje\/\" \/>\n<meta property=\"og:site_name\" content=\"Newstark\" \/>\n<meta property=\"article:modified_time\" content=\"2019-10-25T13:46:48+00:00\" \/>\n<meta name=\"twitter:card\" content=\"summary_large_image\" \/>\n<meta name=\"twitter:label1\" content=\"Odhadovan\u00e1 doba \u010dten\u00ed\" \/>\n\t<meta name=\"twitter:data1\" content=\"1 minuta\" \/>\n<script type=\"application\/ld+json\" class=\"yoast-schema-graph\">{\"@context\":\"https:\/\/schema.org\",\"@graph\":[{\"@type\":\"WebPage\",\"@id\":\"https:\/\/www.newstark.promoservicebeta.com\/cs\/firemni-udaje\/\",\"url\":\"https:\/\/www.newstark.promoservicebeta.com\/cs\/firemni-udaje\/\",\"name\":\"Firemn\u00ed \u00fadaje - Newstark Vysoce v\u00fdkonn\u00fdch komponent\u016f pro tv\u00e1\u0159ec\u00ed n\u00e1stroje\",\"isPartOf\":{\"@id\":\"https:\/\/www.newstark.promoservicebeta.com\/cs\/#website\"},\"datePublished\":\"2019-10-03T13:20:13+00:00\",\"dateModified\":\"2019-10-25T13:46:48+00:00\",\"description\":\"Firemn\u00ed \u00fadaje Essemec Srl\",\"breadcrumb\":{\"@id\":\"https:\/\/www.newstark.promoservicebeta.com\/cs\/firemni-udaje\/#breadcrumb\"},\"inLanguage\":\"cs\",\"potentialAction\":[{\"@type\":\"ReadAction\",\"target\":[\"https:\/\/www.newstark.promoservicebeta.com\/cs\/firemni-udaje\/\"]}]},{\"@type\":\"BreadcrumbList\",\"@id\":\"https:\/\/www.newstark.promoservicebeta.com\/cs\/firemni-udaje\/#breadcrumb\",\"itemListElement\":[{\"@type\":\"ListItem\",\"position\":1,\"name\":\"Home\",\"item\":\"https:\/\/www.newstark.promoservicebeta.com\/cs\/\"},{\"@type\":\"ListItem\",\"position\":2,\"name\":\"Firemn\u00ed \u00fadaje\"}]},{\"@type\":\"WebSite\",\"@id\":\"https:\/\/www.newstark.promoservicebeta.com\/cs\/#website\",\"url\":\"https:\/\/www.newstark.promoservicebeta.com\/cs\/\",\"name\":\"Newstark\",\"description\":\"Vysoce v\u00fdkonn\u00fdch komponent\u016f pro tv\u00e1\u0159ec\u00ed n\u00e1stroje\",\"potentialAction\":[{\"@type\":\"SearchAction\",\"target\":{\"@type\":\"EntryPoint\",\"urlTemplate\":\"https:\/\/www.newstark.promoservicebeta.com\/cs\/?s={search_term_string}\"},\"query-input\":{\"@type\":\"PropertyValueSpecification\",\"valueRequired\":true,\"valueName\":\"search_term_string\"}}],\"inLanguage\":\"cs\"}]}<\/script>\n<!-- \/ Yoast SEO plugin. -->","yoast_head_json":{"title":"Firemn\u00ed \u00fadaje - Newstark Vysoce v\u00fdkonn\u00fdch komponent\u016f pro tv\u00e1\u0159ec\u00ed n\u00e1stroje","description":"Firemn\u00ed \u00fadaje Essemec Srl","robots":{"index":"noindex","follow":"follow","max-snippet":"max-snippet:-1","max-image-preview":"max-image-preview:large","max-video-preview":"max-video-preview:-1"},"og_locale":"cs_CZ","og_type":"article","og_title":"Firemn\u00ed \u00fadaje - Newstark Vysoce v\u00fdkonn\u00fdch komponent\u016f pro tv\u00e1\u0159ec\u00ed n\u00e1stroje","og_description":"Firemn\u00ed \u00fadaje Essemec Srl","og_url":"https:\/\/www.newstark.promoservicebeta.com\/cs\/firemni-udaje\/","og_site_name":"Newstark","article_modified_time":"2019-10-25T13:46:48+00:00","twitter_card":"summary_large_image","twitter_misc":{"Odhadovan\u00e1 doba \u010dten\u00ed":"1 minuta"},"schema":{"@context":"https:\/\/schema.org","@graph":[{"@type":"WebPage","@id":"https:\/\/www.newstark.promoservicebeta.com\/cs\/firemni-udaje\/","url":"https:\/\/www.newstark.promoservicebeta.com\/cs\/firemni-udaje\/","name":"Firemn\u00ed \u00fadaje - Newstark Vysoce v\u00fdkonn\u00fdch komponent\u016f pro tv\u00e1\u0159ec\u00ed n\u00e1stroje","isPartOf":{"@id":"https:\/\/www.newstark.promoservicebeta.com\/cs\/#website"},"datePublished":"2019-10-03T13:20:13+00:00","dateModified":"2019-10-25T13:46:48+00:00","description":"Firemn\u00ed \u00fadaje Essemec Srl","breadcrumb":{"@id":"https:\/\/www.newstark.promoservicebeta.com\/cs\/firemni-udaje\/#breadcrumb"},"inLanguage":"cs","potentialAction":[{"@type":"ReadAction","target":["https:\/\/www.newstark.promoservicebeta.com\/cs\/firemni-udaje\/"]}]},{"@type":"BreadcrumbList","@id":"https:\/\/www.newstark.promoservicebeta.com\/cs\/firemni-udaje\/#breadcrumb","itemListElement":[{"@type":"ListItem","position":1,"name":"Home","item":"https:\/\/www.newstark.promoservicebeta.com\/cs\/"},{"@type":"ListItem","position":2,"name":"Firemn\u00ed \u00fadaje"}]},{"@type":"WebSite","@id":"https:\/\/www.newstark.promoservicebeta.com\/cs\/#website","url":"https:\/\/www.newstark.promoservicebeta.com\/cs\/","name":"Newstark","description":"Vysoce v\u00fdkonn\u00fdch komponent\u016f pro tv\u00e1\u0159ec\u00ed n\u00e1stroje","potentialAction":[{"@type":"SearchAction","target":{"@type":"EntryPoint","urlTemplate":"https:\/\/www.newstark.promoservicebeta.com\/cs\/?s={search_term_string}"},"query-input":{"@type":"PropertyValueSpecification","valueRequired":true,"valueName":"search_term_string"}}],"inLanguage":"cs"}]}},"_links":{"self":[{"href":"https:\/\/www.newstark.promoservicebeta.com\/cs\/wp-json\/wp\/v2\/pages\/15628","targetHints":{"allow":["GET"]}}],"collection":[{"href":"https:\/\/www.newstark.promoservicebeta.com\/cs\/wp-json\/wp\/v2\/pages"}],"about":[{"href":"https:\/\/www.newstark.promoservicebeta.com\/cs\/wp-json\/wp\/v2\/types\/page"}],"author":[{"embeddable":true,"href":"https:\/\/www.newstark.promoservicebeta.com\/cs\/wp-json\/wp\/v2\/users\/2"}],"replies":[{"embeddable":true,"href":"https:\/\/www.newstark.promoservicebeta.com\/cs\/wp-json\/wp\/v2\/comments?post=15628"}],"version-history":[{"count":0,"href":"https:\/\/www.newstark.promoservicebeta.com\/cs\/wp-json\/wp\/v2\/pages\/15628\/revisions"}],"wp:attachment":[{"href":"https:\/\/www.newstark.promoservicebeta.com\/cs\/wp-json\/wp\/v2\/media?parent=15628"}],"curies":[{"name":"wp","href":"https:\/\/api.w.org\/{rel}","templated":true}]}}