{"id":15586,"date":"2019-10-03T12:26:12","date_gmt":"2019-10-03T10:26:12","guid":{"rendered":"http:\/\/www.newstark.promoservicebeta.com\/?page_id=15586"},"modified":"2025-03-05T16:15:23","modified_gmt":"2025-03-05T15:15:23","slug":"video","status":"publish","type":"page","link":"https:\/\/www.newstark.promoservicebeta.com\/cs\/video\/","title":{"rendered":"Video"},"content":{"rendered":"<div class=\"wpb-content-wrapper\"><p>[vc_row css_animation=&#8220;&#8220; row_type=&#8220;row&#8220; use_row_as_full_screen_section=&#8220;no&#8220; type=&#8220;full_width&#8220; angled_section=&#8220;no&#8220; text_align=&#8220;left&#8220; background_image_as_pattern=&#8220;without_pattern&#8220; z_index=&#8220;&#8220;][vc_column width=&#8220;1\/3&#8243;][vc_video link=&#8220;https:\/\/youtu.be\/_z3T_kMI4Xc&#8220; align=&#8220;center&#8220; css=&#8220;&#8220;][vc_column_text css=&#8220;&#8220;]<\/p>\n<h5>BENDING UNIT ROLL<\/h5>\n<p>[\/vc_column_text][\/vc_column][vc_column width=&#8220;1\/3&#8243;][vc_video link=&#8220;https:\/\/youtu.be\/bJYPNKByc8E&#8220; align=&#8220;center&#8220;][vc_column_text]<\/p>\n<h5 class=\"wpb_heading wpb_video_heading\">CAMMA SMEG<\/h5>\n<p>[\/vc_column_text][\/vc_column][vc_column width=&#8220;1\/3&#8243;][vc_video link=&#8220;https:\/\/youtu.be\/n-9vuLHTIfU&#8220; align=&#8220;center&#8220;][vc_column_text]<\/p>\n<h5 class=\"wpb_heading wpb_video_heading\">MASC<\/h5>\n<p>[\/vc_column_text][\/vc_column][\/vc_row][vc_row css_animation=&#8220;&#8220; row_type=&#8220;row&#8220; use_row_as_full_screen_section=&#8220;no&#8220; type=&#8220;full_width&#8220; angled_section=&#8220;no&#8220; text_align=&#8220;left&#8220; background_image_as_pattern=&#8220;without_pattern&#8220; z_index=&#8220;&#8220;][vc_column][vc_row_inner row_type=&#8220;row&#8220; type=&#8220;full_width&#8220; text_align=&#8220;left&#8220; css_animation=&#8220;&#8220;][vc_column_inner][vc_empty_space height=&#8220;30px&#8220;][\/vc_column_inner][\/vc_row_inner][\/vc_column][\/vc_row][vc_row css_animation=&#8220;&#8220; row_type=&#8220;row&#8220; use_row_as_full_screen_section=&#8220;no&#8220; type=&#8220;full_width&#8220; angled_section=&#8220;no&#8220; text_align=&#8220;left&#8220; background_image_as_pattern=&#8220;without_pattern&#8220; z_index=&#8220;&#8220;][vc_column width=&#8220;1\/3&#8243;][vc_video link=&#8220;https:\/\/youtu.be\/-ejXAxnNf3I&#8220; align=&#8220;center&#8220; css=&#8220;&#8220;][vc_column_text css=&#8220;&#8220;]<\/p>\n<h5>ROLL BENDING UNIT<\/h5>\n<p>[\/vc_column_text][\/vc_column][vc_column width=&#8220;1\/3&#8243;][vc_video link=&#8220;https:\/\/youtu.be\/yTbaIvR82NA&#8220; align=&#8220;center&#8220;][vc_column_text]<\/p>\n<h5 class=\"wpb_heading wpb_video_heading\">ROLL<\/h5>\n<p>[\/vc_column_text][\/vc_column][vc_column width=&#8220;1\/3&#8243;][vc_video link=&#8220;https:\/\/youtu.be\/fJnG5BD5E8E&#8220; align=&#8220;center&#8220;][vc_column_text]<\/p>\n<h5 class=\"wpb_heading wpb_video_heading\">MAE<\/h5>\n<p>[\/vc_column_text][\/vc_column][\/vc_row][vc_row css_animation=&#8220;&#8220; row_type=&#8220;row&#8220; use_row_as_full_screen_section=&#8220;no&#8220; type=&#8220;full_width&#8220; angled_section=&#8220;no&#8220; text_align=&#8220;left&#8220; background_image_as_pattern=&#8220;without_pattern&#8220; z_index=&#8220;&#8220;][vc_column][vc_row_inner row_type=&#8220;row&#8220; type=&#8220;full_width&#8220; text_align=&#8220;left&#8220; css_animation=&#8220;&#8220;][vc_column_inner][vc_empty_space height=&#8220;30px&#8220;][\/vc_column_inner][\/vc_row_inner][\/vc_column][\/vc_row][vc_row css_animation=&#8220;&#8220; row_type=&#8220;row&#8220; use_row_as_full_screen_section=&#8220;no&#8220; type=&#8220;full_width&#8220; angled_section=&#8220;no&#8220; text_align=&#8220;left&#8220; background_image_as_pattern=&#8220;without_pattern&#8220; z_index=&#8220;&#8220;][vc_column width=&#8220;1\/3&#8243;][vc_video link=&#8220;https:\/\/youtu.be\/Q5bfY8s39AI&#8220; align=&#8220;center&#8220;][vc_column_text]<\/p>\n<h5>MA<\/h5>\n<p>[\/vc_column_text][\/vc_column][vc_column width=&#8220;1\/3&#8243;][vc_video link=&#8220;https:\/\/youtu.be\/urAs2QGBOQs&#8220; align=&#8220;center&#8220;][vc_column_text]<\/p>\n<h5>PRESTAM 2012<\/h5>\n<p>[\/vc_column_text][\/vc_column][vc_column width=&#8220;1\/3&#8243;][vc_video link=&#8220;https:\/\/youtu.be\/8QHNVXJtJeI&#8220; align=&#8220;center&#8220;][vc_column_text]<\/p>\n<h5>Supporti per stampi<\/h5>\n<p>[\/vc_column_text][\/vc_column][\/vc_row][vc_row css_animation=&#8220;&#8220; row_type=&#8220;row&#8220; use_row_as_full_screen_section=&#8220;no&#8220; type=&#8220;full_width&#8220; angled_section=&#8220;no&#8220; text_align=&#8220;left&#8220; background_image_as_pattern=&#8220;without_pattern&#8220; z_index=&#8220;&#8220;][vc_column][vc_row_inner row_type=&#8220;row&#8220; type=&#8220;full_width&#8220; text_align=&#8220;left&#8220; css_animation=&#8220;&#8220;][vc_column_inner][vc_empty_space height=&#8220;30px&#8220;][\/vc_column_inner][\/vc_row_inner][\/vc_column][\/vc_row][vc_row css_animation=&#8220;&#8220; row_type=&#8220;row&#8220; use_row_as_full_screen_section=&#8220;no&#8220; type=&#8220;full_width&#8220; angled_section=&#8220;no&#8220; text_align=&#8220;left&#8220; background_image_as_pattern=&#8220;without_pattern&#8220; z_index=&#8220;&#8220;][vc_column width=&#8220;1\/3&#8243;][vc_video link=&#8220;https:\/\/youtu.be\/-TE20bBb3Ow&#8220; align=&#8220;center&#8220;][vc_column_text]<\/p>\n<h5>ELECTRICAL EJECTORS<\/h5>\n<p>[\/vc_column_text][\/vc_column][vc_column width=&#8220;1\/3&#8243;][vc_video link=&#8220;https:\/\/youtu.be\/8U8cRwo0z2U&#8220; align=&#8220;center&#8220;][vc_column_text]<\/p>\n<h5>PNEUMATIC EJECTORS<\/h5>\n<p>[\/vc_column_text][\/vc_column][vc_column width=&#8220;1\/3&#8243;][vc_video link=&#8220;https:\/\/youtu.be\/sAxtE-9y7hs&#8220; align=&#8220;center&#8220;][vc_column_text]<\/p>\n<h5>DOWNLOAD FILE NEWSTARK<\/h5>\n<p>[\/vc_column_text][\/vc_column][\/vc_row][vc_row css_animation=&#8220;&#8220; row_type=&#8220;row&#8220; use_row_as_full_screen_section=&#8220;no&#8220; type=&#8220;full_width&#8220; angled_section=&#8220;no&#8220; text_align=&#8220;left&#8220; background_image_as_pattern=&#8220;without_pattern&#8220; z_index=&#8220;&#8220;][vc_column][vc_row_inner row_type=&#8220;row&#8220; type=&#8220;full_width&#8220; text_align=&#8220;left&#8220; css_animation=&#8220;&#8220;][vc_column_inner][vc_empty_space height=&#8220;30px&#8220;][\/vc_column_inner][\/vc_row_inner][\/vc_column][\/vc_row][vc_row css_animation=&#8220;&#8220; row_type=&#8220;row&#8220; use_row_as_full_screen_section=&#8220;no&#8220; type=&#8220;full_width&#8220; angled_section=&#8220;no&#8220; text_align=&#8220;left&#8220; background_image_as_pattern=&#8220;without_pattern&#8220; z_index=&#8220;&#8220;][vc_column width=&#8220;1\/3&#8243;][vc_video link=&#8220;https:\/\/www.youtube.com\/watch?v=XslUksYS504&#8243; align=&#8220;center&#8220;][vc_column_text]<\/p>\n<h5>PNEUMATIC EJECTORS<\/h5>\n<p>[\/vc_column_text][\/vc_column][vc_column width=&#8220;1\/3&#8243;][vc_video link=&#8220;https:\/\/www.youtube.com\/watch?v=pjN1t4SIFe4&#8243; align=&#8220;center&#8220;][vc_column_text]<\/p>\n<h5>CAM UNIT &#8222;MAE&#8220;<\/h5>\n<p>[\/vc_column_text][\/vc_column][vc_column width=&#8220;1\/3&#8243;][vc_video link=&#8220;https:\/\/www.youtube.com\/watch?v=YYsxf3hPu6U&amp;t=3s&#8220; align=&#8220;center&#8220;][vc_column_text]<\/p>\n<h5>MINI ROLLER CAM<\/h5>\n<p>[\/vc_column_text][\/vc_column][\/vc_row][vc_row css_animation=&#8220;&#8220; row_type=&#8220;row&#8220; use_row_as_full_screen_section=&#8220;no&#8220; type=&#8220;full_width&#8220; angled_section=&#8220;no&#8220; text_align=&#8220;left&#8220; background_image_as_pattern=&#8220;without_pattern&#8220; z_index=&#8220;&#8220;][vc_column][vc_row_inner row_type=&#8220;row&#8220; type=&#8220;full_width&#8220; text_align=&#8220;left&#8220; css_animation=&#8220;&#8220;][vc_column_inner][vc_empty_space height=&#8220;30px&#8220;][\/vc_column_inner][\/vc_row_inner][\/vc_column][\/vc_row][vc_row css_animation=&#8220;&#8220; row_type=&#8220;row&#8220; use_row_as_full_screen_section=&#8220;no&#8220; type=&#8220;full_width&#8220; angled_section=&#8220;no&#8220; text_align=&#8220;left&#8220; background_image_as_pattern=&#8220;without_pattern&#8220; z_index=&#8220;&#8220;][vc_column width=&#8220;1\/3&#8243;][vc_video link=&#8220;https:\/\/youtu.be\/s-w5_40MQsY&#8220; align=&#8220;center&#8220; css=&#8220;&#8220;][vc_column_text css=&#8220;&#8220;]<\/p>\n<h5>ROLLER CAM<\/h5>\n<p>[\/vc_column_text][\/vc_column][vc_column width=&#8220;1\/3&#8243;][vc_video link=&#8220;https:\/\/youtu.be\/ekkj18zE_24&#8243; align=&#8220;center&#8220; css=&#8220;&#8220;][vc_column_text css=&#8220;&#8220;]<\/p>\n<h5>ADJUSTABLE PUNCH HOLDER<\/h5>\n<p>[\/vc_column_text][\/vc_column][vc_column width=&#8220;1\/3&#8243;][vc_video link=&#8220;https:\/\/youtu.be\/hU2FGKWldeI?si=-cdv2E6qt3sj_qWv&#8220; css=&#8220;&#8220;][vc_column_text css=&#8220;&#8220;]<\/p>\n<div id=\"player-container\" class=\"style-scope ytd-watch-flexy\" role=\"complementary\">\n<div id=\"above-the-fold\" class=\"style-scope ytd-watch-metadata\">\n<div id=\"title\" class=\"style-scope ytd-watch-metadata\">\n<h5 class=\"style-scope ytd-watch-metadata\">PIERCING CAM UNITS MODEL M SPECIAL<\/h5>\n<\/div>\n<\/div>\n<\/div>\n<p>[\/vc_column_text][\/vc_column][\/vc_row][vc_row css_animation=&#8220;&#8220; row_type=&#8220;row&#8220; use_row_as_full_screen_section=&#8220;no&#8220; type=&#8220;full_width&#8220; angled_section=&#8220;no&#8220; text_align=&#8220;left&#8220; background_image_as_pattern=&#8220;without_pattern&#8220;][vc_column][vc_empty_space height=&#8220;30px&#8220;][\/vc_column][\/vc_row]<\/p>\n<\/div>","protected":false},"excerpt":{"rendered":"<p>[vc_row css_animation=&#8220;&#8220; row_type=&#8220;row&#8220; use_row_as_full_screen_section=&#8220;no&#8220; type=&#8220;full_width&#8220; angled_section=&#8220;no&#8220; text_align=&#8220;left&#8220; background_image_as_pattern=&#8220;without_pattern&#8220; z_index=&#8220;&#8220;][vc_column width=&#8220;1\/3&#8243;][vc_video link=&#8220;https:\/\/youtu.be\/_z3T_kMI4Xc&#8220; align=&#8220;center&#8220; css=&#8220;&#8220;][vc_column_text css=&#8220;&#8220;] BENDING UNIT ROLL [\/vc_column_text][\/vc_column][vc_column width=&#8220;1\/3&#8243;][vc_video link=&#8220;https:\/\/youtu.be\/bJYPNKByc8E&#8220; align=&#8220;center&#8220;][vc_column_text] CAMMA SMEG [\/vc_column_text][\/vc_column][vc_column width=&#8220;1\/3&#8243;][vc_video link=&#8220;https:\/\/youtu.be\/n-9vuLHTIfU&#8220; align=&#8220;center&#8220;][vc_column_text] MASC [\/vc_column_text][\/vc_column][\/vc_row][vc_row css_animation=&#8220;&#8220; row_type=&#8220;row&#8220; use_row_as_full_screen_section=&#8220;no&#8220; type=&#8220;full_width&#8220; angled_section=&#8220;no&#8220; text_align=&#8220;left&#8220; background_image_as_pattern=&#8220;without_pattern&#8220; z_index=&#8220;&#8220;][vc_column][vc_row_inner row_type=&#8220;row&#8220; type=&#8220;full_width&#8220; text_align=&#8220;left&#8220; css_animation=&#8220;&#8220;][vc_column_inner][vc_empty_space height=&#8220;30px&#8220;][\/vc_column_inner][\/vc_row_inner][\/vc_column][\/vc_row][vc_row css_animation=&#8220;&#8220; row_type=&#8220;row&#8220; use_row_as_full_screen_section=&#8220;no&#8220;&#8230;<\/p>\n","protected":false},"author":2,"featured_media":0,"parent":0,"menu_order":0,"comment_status":"closed","ping_status":"closed","template":"","meta":{"_acf_changed":false,"footnotes":""},"class_list":["post-15586","page","type-page","status-publish","hentry"],"acf":[],"yoast_head":"<!-- This site is optimized with the Yoast SEO plugin v25.3.1 - https:\/\/yoast.com\/wordpress\/plugins\/seo\/ -->\n<title>Video - Newstark Vysoce v\u00fdkonn\u00fdch komponent\u016f pro tv\u00e1\u0159ec\u00ed n\u00e1stroje<\/title>\n<meta name=\"description\" content=\"Video Newstark\" \/>\n<meta name=\"robots\" content=\"noindex, follow, max-snippet:-1, max-image-preview:large, max-video-preview:-1\" \/>\n<meta property=\"og:locale\" content=\"cs_CZ\" \/>\n<meta property=\"og:type\" content=\"article\" \/>\n<meta property=\"og:title\" content=\"Video - Newstark Vysoce v\u00fdkonn\u00fdch komponent\u016f pro tv\u00e1\u0159ec\u00ed n\u00e1stroje\" \/>\n<meta property=\"og:description\" content=\"Video Newstark\" \/>\n<meta property=\"og:url\" content=\"https:\/\/www.newstark.promoservicebeta.com\/cs\/video\/\" \/>\n<meta property=\"og:site_name\" content=\"Newstark\" \/>\n<meta property=\"article:modified_time\" content=\"2025-03-05T15:15:23+00:00\" \/>\n<meta name=\"twitter:card\" content=\"summary_large_image\" \/>\n<meta name=\"twitter:label1\" content=\"Odhadovan\u00e1 doba \u010dten\u00ed\" \/>\n\t<meta name=\"twitter:data1\" content=\"2 minuty\" \/>\n<script type=\"application\/ld+json\" class=\"yoast-schema-graph\">{\"@context\":\"https:\/\/schema.org\",\"@graph\":[{\"@type\":\"WebPage\",\"@id\":\"https:\/\/www.newstark.promoservicebeta.com\/cs\/video\/\",\"url\":\"https:\/\/www.newstark.promoservicebeta.com\/cs\/video\/\",\"name\":\"Video - Newstark Vysoce v\u00fdkonn\u00fdch komponent\u016f pro tv\u00e1\u0159ec\u00ed n\u00e1stroje\",\"isPartOf\":{\"@id\":\"https:\/\/www.newstark.promoservicebeta.com\/cs\/#website\"},\"datePublished\":\"2019-10-03T10:26:12+00:00\",\"dateModified\":\"2025-03-05T15:15:23+00:00\",\"description\":\"Video Newstark\",\"breadcrumb\":{\"@id\":\"https:\/\/www.newstark.promoservicebeta.com\/cs\/video\/#breadcrumb\"},\"inLanguage\":\"cs\",\"potentialAction\":[{\"@type\":\"ReadAction\",\"target\":[\"https:\/\/www.newstark.promoservicebeta.com\/cs\/video\/\"]}]},{\"@type\":\"BreadcrumbList\",\"@id\":\"https:\/\/www.newstark.promoservicebeta.com\/cs\/video\/#breadcrumb\",\"itemListElement\":[{\"@type\":\"ListItem\",\"position\":1,\"name\":\"Home\",\"item\":\"https:\/\/www.newstark.promoservicebeta.com\/cs\/\"},{\"@type\":\"ListItem\",\"position\":2,\"name\":\"Video\"}]},{\"@type\":\"WebSite\",\"@id\":\"https:\/\/www.newstark.promoservicebeta.com\/cs\/#website\",\"url\":\"https:\/\/www.newstark.promoservicebeta.com\/cs\/\",\"name\":\"Newstark\",\"description\":\"Vysoce v\u00fdkonn\u00fdch komponent\u016f pro tv\u00e1\u0159ec\u00ed n\u00e1stroje\",\"potentialAction\":[{\"@type\":\"SearchAction\",\"target\":{\"@type\":\"EntryPoint\",\"urlTemplate\":\"https:\/\/www.newstark.promoservicebeta.com\/cs\/?s={search_term_string}\"},\"query-input\":{\"@type\":\"PropertyValueSpecification\",\"valueRequired\":true,\"valueName\":\"search_term_string\"}}],\"inLanguage\":\"cs\"}]}<\/script>\n<!-- \/ Yoast SEO plugin. -->","yoast_head_json":{"title":"Video - Newstark Vysoce v\u00fdkonn\u00fdch komponent\u016f pro tv\u00e1\u0159ec\u00ed n\u00e1stroje","description":"Video Newstark","robots":{"index":"noindex","follow":"follow","max-snippet":"max-snippet:-1","max-image-preview":"max-image-preview:large","max-video-preview":"max-video-preview:-1"},"og_locale":"cs_CZ","og_type":"article","og_title":"Video - Newstark Vysoce v\u00fdkonn\u00fdch komponent\u016f pro tv\u00e1\u0159ec\u00ed n\u00e1stroje","og_description":"Video Newstark","og_url":"https:\/\/www.newstark.promoservicebeta.com\/cs\/video\/","og_site_name":"Newstark","article_modified_time":"2025-03-05T15:15:23+00:00","twitter_card":"summary_large_image","twitter_misc":{"Odhadovan\u00e1 doba \u010dten\u00ed":"2 minuty"},"schema":{"@context":"https:\/\/schema.org","@graph":[{"@type":"WebPage","@id":"https:\/\/www.newstark.promoservicebeta.com\/cs\/video\/","url":"https:\/\/www.newstark.promoservicebeta.com\/cs\/video\/","name":"Video - Newstark Vysoce v\u00fdkonn\u00fdch komponent\u016f pro tv\u00e1\u0159ec\u00ed n\u00e1stroje","isPartOf":{"@id":"https:\/\/www.newstark.promoservicebeta.com\/cs\/#website"},"datePublished":"2019-10-03T10:26:12+00:00","dateModified":"2025-03-05T15:15:23+00:00","description":"Video Newstark","breadcrumb":{"@id":"https:\/\/www.newstark.promoservicebeta.com\/cs\/video\/#breadcrumb"},"inLanguage":"cs","potentialAction":[{"@type":"ReadAction","target":["https:\/\/www.newstark.promoservicebeta.com\/cs\/video\/"]}]},{"@type":"BreadcrumbList","@id":"https:\/\/www.newstark.promoservicebeta.com\/cs\/video\/#breadcrumb","itemListElement":[{"@type":"ListItem","position":1,"name":"Home","item":"https:\/\/www.newstark.promoservicebeta.com\/cs\/"},{"@type":"ListItem","position":2,"name":"Video"}]},{"@type":"WebSite","@id":"https:\/\/www.newstark.promoservicebeta.com\/cs\/#website","url":"https:\/\/www.newstark.promoservicebeta.com\/cs\/","name":"Newstark","description":"Vysoce v\u00fdkonn\u00fdch komponent\u016f pro tv\u00e1\u0159ec\u00ed n\u00e1stroje","potentialAction":[{"@type":"SearchAction","target":{"@type":"EntryPoint","urlTemplate":"https:\/\/www.newstark.promoservicebeta.com\/cs\/?s={search_term_string}"},"query-input":{"@type":"PropertyValueSpecification","valueRequired":true,"valueName":"search_term_string"}}],"inLanguage":"cs"}]}},"_links":{"self":[{"href":"https:\/\/www.newstark.promoservicebeta.com\/cs\/wp-json\/wp\/v2\/pages\/15586","targetHints":{"allow":["GET"]}}],"collection":[{"href":"https:\/\/www.newstark.promoservicebeta.com\/cs\/wp-json\/wp\/v2\/pages"}],"about":[{"href":"https:\/\/www.newstark.promoservicebeta.com\/cs\/wp-json\/wp\/v2\/types\/page"}],"author":[{"embeddable":true,"href":"https:\/\/www.newstark.promoservicebeta.com\/cs\/wp-json\/wp\/v2\/users\/2"}],"replies":[{"embeddable":true,"href":"https:\/\/www.newstark.promoservicebeta.com\/cs\/wp-json\/wp\/v2\/comments?post=15586"}],"version-history":[{"count":0,"href":"https:\/\/www.newstark.promoservicebeta.com\/cs\/wp-json\/wp\/v2\/pages\/15586\/revisions"}],"wp:attachment":[{"href":"https:\/\/www.newstark.promoservicebeta.com\/cs\/wp-json\/wp\/v2\/media?parent=15586"}],"curies":[{"name":"wp","href":"https:\/\/api.w.org\/{rel}","templated":true}]}}