{"id":15576,"date":"2019-10-03T11:58:16","date_gmt":"2019-10-03T09:58:16","guid":{"rendered":"http:\/\/www.newstark.promoservicebeta.com\/?page_id=15576"},"modified":"2020-01-15T14:55:21","modified_gmt":"2020-01-15T13:55:21","slug":"spolecnost","status":"publish","type":"page","link":"https:\/\/www.newstark.promoservicebeta.com\/cs\/spolecnost\/","title":{"rendered":"Spole\u010dnost"},"content":{"rendered":"<div class=\"wpb-content-wrapper\"><p>[vc_row css_animation=&#8220;&#8220; row_type=&#8220;row&#8220; use_row_as_full_screen_section=&#8220;no&#8220; type=&#8220;full_width&#8220; angled_section=&#8220;no&#8220; text_align=&#8220;left&#8220; background_image_as_pattern=&#8220;without_pattern&#8220; z_index=&#8220;&#8220;][vc_column][qode_elements_holder number_of_columns=&#8220;two_columns&#8220; switch_to_one_column=&#8220;1000&#8243;][qode_elements_holder_item advanced_animations=&#8220;no&#8220; item_padding=&#8220;20px 0px 30px 0px&#8220;][vc_column_text]<\/p>\n<h3>Spole\u010dnost<\/h3>\n<p>[\/vc_column_text][vc_separator type=&#8220;small&#8220; position=&#8220;left&#8220; up=&#8220;6&#8243; down=&#8220;15&#8243; color=&#8220;#2eab68&#8243; thickness=&#8220;2&#8243;][vc_column_text]Newstark je obchodn\u00ed zna\u010dkou Essemec S.r.l. Unipersonale, spole\u010dnosti s 20 lety zku\u0161enost\u00ed ve stroj\u00edrensk\u00e9m sektoru, kter\u00e1 15. 4. 2010 z\u00edskala certifikaci dle ISO 9001: 2008.<\/p>\n<p>&nbsp;<\/p>\n<p>Newstark navrhuje a vyr\u00e1b\u00ed <strong>specializovan\u00e9 standardizovan\u00e9 d\u00edly<\/strong> a n\u00e1stroje pro zpracov\u00e1n\u00ed za studena v\u00e1lcovan\u00fdch plech\u016f. Newstark spolupracuje se p\u0159edn\u00edmi firmami pr\u016fmyslov\u00e9ho sektoru, kter\u00e9 se v\u011bnuj\u00ed odv\u011btv\u00edm, jako je automobilov\u00fd pr\u016fmysl, elektro-spot\u0159ebi\u010de, textiln\u00ed pr\u016fmysl, zahradnictv\u00ed, osv\u011btlovac\u00ed technika a domovn\u00ed vybaven\u00ed.<\/p>\n<p>&nbsp;<\/p>\n<p>Spole\u010dnost se nach\u00e1z\u00ed na severu provincie Padua, v pr\u016fmyslov\u00e9 oblasti, kter\u00e1 se specializuje na odv\u011btv\u00ed strojn\u00edho zpracov\u00e1n\u00ed. V t\u00e9to oblasti se nach\u00e1z\u00ed n\u011bkolik spole\u010dnost\u00ed pracuj\u00edc\u00edch ve stroj\u00edrensk\u00e9m odv\u011btv\u00ed, a ty jsou nav\u00e1z\u00e1ny na mnoh\u00e9 p\u0159edn\u00ed pr\u016fmyslov\u00e9 skupiny, <strong>kter\u00e9 hraj\u00ed z\u00e1sadn\u00ed roli v technologick\u00e9m v\u00fdzkumu<\/strong>.<\/p>\n<p>&nbsp;<\/p>\n<p>Spole\u010dnost Newstark je t\u00edm ide\u00e1ln\u011b zapojena do prost\u0159ed\u00ed, ve kter\u00e9m se snoub\u00ed know-how, neust\u00e1l\u00e9 roz\u0161i\u0159ov\u00e1n\u00ed p\u016fsobnosti, v\u00fdm\u011bna informac\u00ed a spolupr\u00e1ce. To v\u0161e p\u0159in\u00e1\u0161\u00ed pozoruhodn\u00e9 v\u00fdsledky.[\/vc_column_text][\/qode_elements_holder_item][\/qode_elements_holder][\/vc_column][\/vc_row][vc_row css_animation=&#8220;&#8220; row_type=&#8220;row&#8220; use_row_as_full_screen_section=&#8220;no&#8220; type=&#8220;full_width&#8220; angled_section=&#8220;no&#8220; text_align=&#8220;left&#8220; background_image_as_pattern=&#8220;without_pattern&#8220; z_index=&#8220;&#8220;][vc_column][qode_elements_holder number_of_columns=&#8220;two_columns&#8220; switch_to_one_column=&#8220;1000&#8243;][qode_elements_holder_item advanced_animations=&#8220;no&#8220; item_padding=&#8220;20px 0px 30px 0px&#8220;][vc_column_text]<\/p>\n<h3>V\u00fdzkum a v\u00fdvoj<\/h3>\n<p>[\/vc_column_text][vc_separator type=&#8220;small&#8220; position=&#8220;left&#8220; up=&#8220;6&#8243; down=&#8220;15&#8243; color=&#8220;#2eab68&#8243; thickness=&#8220;2&#8243;][vc_column_text]Kancel\u00e1\u0159 technick\u00e9ho v\u00fdzkumu a v\u00fdvoje spole\u010dnosti Newstark pracuje s nejpokro\u010dilej\u0161\u00edmi designov\u00fdmi a simula\u010dn\u00edmi syst\u00e9my a neust\u00e1le testuje nov\u00e9 materi\u00e1ly a nov\u00e9 technologie.[\/vc_column_text][\/qode_elements_holder_item][\/qode_elements_holder][\/vc_column][\/vc_row][vc_row css_animation=&#8220;&#8220; row_type=&#8220;row&#8220; use_row_as_full_screen_section=&#8220;no&#8220; type=&#8220;full_width&#8220; angled_section=&#8220;no&#8220; text_align=&#8220;left&#8220; background_image_as_pattern=&#8220;without_pattern&#8220;][vc_column][qode_elements_holder number_of_columns=&#8220;two_columns&#8220; switch_to_one_column=&#8220;1000&#8243;][qode_elements_holder_item advanced_animations=&#8220;no&#8220; item_padding=&#8220;20px 0px 30px 0px&#8220;][vc_column_text]<\/p>\n<h3>V\u00fdroba<\/h3>\n<p>[\/vc_column_text][vc_separator type=&#8220;small&#8220; position=&#8220;left&#8220; up=&#8220;6&#8243; down=&#8220;15&#8243; color=&#8220;#2eab68&#8243; thickness=&#8220;2&#8243;][vc_column_text]Zam\u011bstnanci v\u00fdroby jsou \u0161koleni tak, aby v\u011bnovali maxim\u00e1ln\u00ed mo\u017enou pozornost kvalit\u011b, v\u00fdsledku a vyh\u00fdbali se pl\u00fdtv\u00e1n\u00ed a p\u0159\u00edpadn\u00fdm vad\u00e1m. Podporu jim poskytuje modern\u00ed vybaven\u00ed, kter\u00e9 optimalizuje efektivitu v\u00fdroby.[\/vc_column_text][\/qode_elements_holder_item][\/qode_elements_holder][\/vc_column][\/vc_row][vc_row css_animation=&#8220;&#8220; row_type=&#8220;row&#8220; use_row_as_full_screen_section=&#8220;no&#8220; type=&#8220;full_width&#8220; angled_section=&#8220;no&#8220; text_align=&#8220;left&#8220; background_image_as_pattern=&#8220;without_pattern&#8220; z_index=&#8220;&#8220;][vc_column][qode_elements_holder number_of_columns=&#8220;two_columns&#8220; switch_to_one_column=&#8220;1000&#8243;][qode_elements_holder_item advanced_animations=&#8220;no&#8220; item_padding=&#8220;20px 0px 30px 0px&#8220;][vc_column_text]<\/p>\n<h3>Prodej a Marketing<\/h3>\n<p>[\/vc_column_text][vc_separator type=&#8220;small&#8220; position=&#8220;left&#8220; up=&#8220;6&#8243; down=&#8220;15&#8243; color=&#8220;#2eab68&#8243; thickness=&#8220;2&#8243;][vc_column_text]Divize prodeje a marketingu spole\u010dnosti Newstark v\u011bnuje neutuchaj\u00edc\u00ed pozornost po\u017eadavk\u016fm z\u00e1kazn\u00edk\u016f a poskytuje jim ty nejlep\u0161\u00ed a nejvhodn\u011bj\u0161\u00ed technick\u00e9 informace a \u0159e\u0161en\u00ed.<\/p>\n<p>[\/vc_column_text][\/qode_elements_holder_item][\/qode_elements_holder][vc_separator type=&#8220;transparent&#8220; up=&#8220;15&#8243; down=&#8220;15&#8243; thickness=&#8220;2&#8243;][\/vc_column][\/vc_row][vc_row css_animation=&#8220;&#8220; row_type=&#8220;row&#8220; use_row_as_full_screen_section=&#8220;yes&#8220; type=&#8220;full_width&#8220; angled_section=&#8220;no&#8220; text_align=&#8220;left&#8220; background_image_as_pattern=&#8220;without_pattern&#8220; z_index=&#8220;&#8220; css=&#8220;.vc_custom_1579094266623{padding-top: 20px !important;padding-bottom: 50px !important;}&#8220;][vc_column][vc_row_inner row_type=&#8220;row&#8220; type=&#8220;full_width&#8220; text_align=&#8220;left&#8220; css_animation=&#8220;&#8220;][vc_column_inner width=&#8220;1\/6&#8243;][vc_single_image image=&#8220;18931&#8243; img_size=&#8220;full&#8220; qode_css_animation=&#8220;&#8220;][\/vc_column_inner][vc_column_inner width=&#8220;1\/6&#8243;][\/vc_column_inner][vc_column_inner width=&#8220;1\/6&#8243;][\/vc_column_inner][vc_column_inner width=&#8220;1\/6&#8243;][\/vc_column_inner][vc_column_inner width=&#8220;1\/6&#8243;][\/vc_column_inner][vc_column_inner width=&#8220;1\/6&#8243;][\/vc_column_inner][\/vc_row_inner][\/vc_column][\/vc_row]<\/p>\n<\/div>","protected":false},"excerpt":{"rendered":"<p>[vc_row css_animation=&#8220;&#8220; row_type=&#8220;row&#8220; use_row_as_full_screen_section=&#8220;no&#8220; type=&#8220;full_width&#8220; angled_section=&#8220;no&#8220; text_align=&#8220;left&#8220; background_image_as_pattern=&#8220;without_pattern&#8220; z_index=&#8220;&#8220;][vc_column][qode_elements_holder number_of_columns=&#8220;two_columns&#8220; switch_to_one_column=&#8220;1000&#8243;][qode_elements_holder_item advanced_animations=&#8220;no&#8220; item_padding=&#8220;20px 0px 30px 0px&#8220;][vc_column_text] Spole\u010dnost [\/vc_column_text][vc_separator type=&#8220;small&#8220; position=&#8220;left&#8220; up=&#8220;6&#8243; down=&#8220;15&#8243; color=&#8220;#2eab68&#8243; thickness=&#8220;2&#8243;][vc_column_text]Newstark je obchodn\u00ed zna\u010dkou Essemec S.r.l. Unipersonale, spole\u010dnosti s 20 lety zku\u0161enost\u00ed ve stroj\u00edrensk\u00e9m sektoru, kter\u00e1 15. 4. 2010 z\u00edskala certifikaci dle&#8230;<\/p>\n","protected":false},"author":2,"featured_media":0,"parent":0,"menu_order":0,"comment_status":"closed","ping_status":"closed","template":"","meta":{"_acf_changed":false,"footnotes":""},"class_list":["post-15576","page","type-page","status-publish","hentry"],"acf":[],"yoast_head":"<!-- This site is optimized with the Yoast SEO plugin v25.3.1 - https:\/\/yoast.com\/wordpress\/plugins\/seo\/ -->\n<title>Spole\u010dnost - Newstark Vysoce v\u00fdkonn\u00fdch komponent\u016f pro tv\u00e1\u0159ec\u00ed n\u00e1stroje<\/title>\n<meta name=\"description\" content=\"Newstark navrhuje a vyr\u00e1b\u00ed specializovan\u00e9 standardizovan\u00e9 d\u00edly a n\u00e1stroje pro zpracov\u00e1n\u00ed za studena v\u00e1lcovan\u00fdch plech\u016f.\" \/>\n<meta name=\"robots\" content=\"noindex, follow, max-snippet:-1, max-image-preview:large, max-video-preview:-1\" \/>\n<meta property=\"og:locale\" content=\"cs_CZ\" \/>\n<meta property=\"og:type\" content=\"article\" \/>\n<meta property=\"og:title\" content=\"Spole\u010dnost - Newstark Vysoce v\u00fdkonn\u00fdch komponent\u016f pro tv\u00e1\u0159ec\u00ed n\u00e1stroje\" \/>\n<meta property=\"og:description\" content=\"Newstark navrhuje a vyr\u00e1b\u00ed specializovan\u00e9 standardizovan\u00e9 d\u00edly a n\u00e1stroje pro zpracov\u00e1n\u00ed za studena v\u00e1lcovan\u00fdch plech\u016f.\" \/>\n<meta property=\"og:url\" content=\"https:\/\/www.newstark.promoservicebeta.com\/cs\/spolecnost\/\" \/>\n<meta property=\"og:site_name\" content=\"Newstark\" \/>\n<meta property=\"article:modified_time\" content=\"2020-01-15T13:55:21+00:00\" \/>\n<meta name=\"twitter:card\" content=\"summary_large_image\" \/>\n<meta name=\"twitter:label1\" content=\"Odhadovan\u00e1 doba \u010dten\u00ed\" \/>\n\t<meta name=\"twitter:data1\" content=\"4 minuty\" \/>\n<script type=\"application\/ld+json\" class=\"yoast-schema-graph\">{\"@context\":\"https:\/\/schema.org\",\"@graph\":[{\"@type\":\"WebPage\",\"@id\":\"https:\/\/www.newstark.promoservicebeta.com\/cs\/spolecnost\/\",\"url\":\"https:\/\/www.newstark.promoservicebeta.com\/cs\/spolecnost\/\",\"name\":\"Spole\u010dnost - Newstark Vysoce v\u00fdkonn\u00fdch komponent\u016f pro tv\u00e1\u0159ec\u00ed n\u00e1stroje\",\"isPartOf\":{\"@id\":\"https:\/\/www.newstark.promoservicebeta.com\/cs\/#website\"},\"datePublished\":\"2019-10-03T09:58:16+00:00\",\"dateModified\":\"2020-01-15T13:55:21+00:00\",\"description\":\"Newstark navrhuje a vyr\u00e1b\u00ed specializovan\u00e9 standardizovan\u00e9 d\u00edly a n\u00e1stroje pro zpracov\u00e1n\u00ed za studena v\u00e1lcovan\u00fdch plech\u016f.\",\"breadcrumb\":{\"@id\":\"https:\/\/www.newstark.promoservicebeta.com\/cs\/spolecnost\/#breadcrumb\"},\"inLanguage\":\"cs\",\"potentialAction\":[{\"@type\":\"ReadAction\",\"target\":[\"https:\/\/www.newstark.promoservicebeta.com\/cs\/spolecnost\/\"]}]},{\"@type\":\"BreadcrumbList\",\"@id\":\"https:\/\/www.newstark.promoservicebeta.com\/cs\/spolecnost\/#breadcrumb\",\"itemListElement\":[{\"@type\":\"ListItem\",\"position\":1,\"name\":\"Home\",\"item\":\"https:\/\/www.newstark.promoservicebeta.com\/cs\/\"},{\"@type\":\"ListItem\",\"position\":2,\"name\":\"Spole\u010dnost\"}]},{\"@type\":\"WebSite\",\"@id\":\"https:\/\/www.newstark.promoservicebeta.com\/cs\/#website\",\"url\":\"https:\/\/www.newstark.promoservicebeta.com\/cs\/\",\"name\":\"Newstark\",\"description\":\"Vysoce v\u00fdkonn\u00fdch komponent\u016f pro tv\u00e1\u0159ec\u00ed n\u00e1stroje\",\"potentialAction\":[{\"@type\":\"SearchAction\",\"target\":{\"@type\":\"EntryPoint\",\"urlTemplate\":\"https:\/\/www.newstark.promoservicebeta.com\/cs\/?s={search_term_string}\"},\"query-input\":{\"@type\":\"PropertyValueSpecification\",\"valueRequired\":true,\"valueName\":\"search_term_string\"}}],\"inLanguage\":\"cs\"}]}<\/script>\n<!-- \/ Yoast SEO plugin. -->","yoast_head_json":{"title":"Spole\u010dnost - Newstark Vysoce v\u00fdkonn\u00fdch komponent\u016f pro tv\u00e1\u0159ec\u00ed n\u00e1stroje","description":"Newstark navrhuje a vyr\u00e1b\u00ed specializovan\u00e9 standardizovan\u00e9 d\u00edly a n\u00e1stroje pro zpracov\u00e1n\u00ed za studena v\u00e1lcovan\u00fdch plech\u016f.","robots":{"index":"noindex","follow":"follow","max-snippet":"max-snippet:-1","max-image-preview":"max-image-preview:large","max-video-preview":"max-video-preview:-1"},"og_locale":"cs_CZ","og_type":"article","og_title":"Spole\u010dnost - Newstark Vysoce v\u00fdkonn\u00fdch komponent\u016f pro tv\u00e1\u0159ec\u00ed n\u00e1stroje","og_description":"Newstark navrhuje a vyr\u00e1b\u00ed specializovan\u00e9 standardizovan\u00e9 d\u00edly a n\u00e1stroje pro zpracov\u00e1n\u00ed za studena v\u00e1lcovan\u00fdch plech\u016f.","og_url":"https:\/\/www.newstark.promoservicebeta.com\/cs\/spolecnost\/","og_site_name":"Newstark","article_modified_time":"2020-01-15T13:55:21+00:00","twitter_card":"summary_large_image","twitter_misc":{"Odhadovan\u00e1 doba \u010dten\u00ed":"4 minuty"},"schema":{"@context":"https:\/\/schema.org","@graph":[{"@type":"WebPage","@id":"https:\/\/www.newstark.promoservicebeta.com\/cs\/spolecnost\/","url":"https:\/\/www.newstark.promoservicebeta.com\/cs\/spolecnost\/","name":"Spole\u010dnost - Newstark Vysoce v\u00fdkonn\u00fdch komponent\u016f pro tv\u00e1\u0159ec\u00ed n\u00e1stroje","isPartOf":{"@id":"https:\/\/www.newstark.promoservicebeta.com\/cs\/#website"},"datePublished":"2019-10-03T09:58:16+00:00","dateModified":"2020-01-15T13:55:21+00:00","description":"Newstark navrhuje a vyr\u00e1b\u00ed specializovan\u00e9 standardizovan\u00e9 d\u00edly a n\u00e1stroje pro zpracov\u00e1n\u00ed za studena v\u00e1lcovan\u00fdch plech\u016f.","breadcrumb":{"@id":"https:\/\/www.newstark.promoservicebeta.com\/cs\/spolecnost\/#breadcrumb"},"inLanguage":"cs","potentialAction":[{"@type":"ReadAction","target":["https:\/\/www.newstark.promoservicebeta.com\/cs\/spolecnost\/"]}]},{"@type":"BreadcrumbList","@id":"https:\/\/www.newstark.promoservicebeta.com\/cs\/spolecnost\/#breadcrumb","itemListElement":[{"@type":"ListItem","position":1,"name":"Home","item":"https:\/\/www.newstark.promoservicebeta.com\/cs\/"},{"@type":"ListItem","position":2,"name":"Spole\u010dnost"}]},{"@type":"WebSite","@id":"https:\/\/www.newstark.promoservicebeta.com\/cs\/#website","url":"https:\/\/www.newstark.promoservicebeta.com\/cs\/","name":"Newstark","description":"Vysoce v\u00fdkonn\u00fdch komponent\u016f pro tv\u00e1\u0159ec\u00ed n\u00e1stroje","potentialAction":[{"@type":"SearchAction","target":{"@type":"EntryPoint","urlTemplate":"https:\/\/www.newstark.promoservicebeta.com\/cs\/?s={search_term_string}"},"query-input":{"@type":"PropertyValueSpecification","valueRequired":true,"valueName":"search_term_string"}}],"inLanguage":"cs"}]}},"_links":{"self":[{"href":"https:\/\/www.newstark.promoservicebeta.com\/cs\/wp-json\/wp\/v2\/pages\/15576","targetHints":{"allow":["GET"]}}],"collection":[{"href":"https:\/\/www.newstark.promoservicebeta.com\/cs\/wp-json\/wp\/v2\/pages"}],"about":[{"href":"https:\/\/www.newstark.promoservicebeta.com\/cs\/wp-json\/wp\/v2\/types\/page"}],"author":[{"embeddable":true,"href":"https:\/\/www.newstark.promoservicebeta.com\/cs\/wp-json\/wp\/v2\/users\/2"}],"replies":[{"embeddable":true,"href":"https:\/\/www.newstark.promoservicebeta.com\/cs\/wp-json\/wp\/v2\/comments?post=15576"}],"version-history":[{"count":0,"href":"https:\/\/www.newstark.promoservicebeta.com\/cs\/wp-json\/wp\/v2\/pages\/15576\/revisions"}],"wp:attachment":[{"href":"https:\/\/www.newstark.promoservicebeta.com\/cs\/wp-json\/wp\/v2\/media?parent=15576"}],"curies":[{"name":"wp","href":"https:\/\/api.w.org\/{rel}","templated":true}]}}